{"id":11948,"date":"2022-06-30T12:44:15","date_gmt":"2022-06-30T11:44:15","guid":{"rendered":"https:\/\/inspireglobal.travel\/?page_id=11948"},"modified":"2022-07-26T13:44:57","modified_gmt":"2022-07-26T12:44:57","slug":"diversity-erklarung","status":"publish","type":"page","link":"https:\/\/inspireglobal.travel\/de\/diversity-statement\/","title":{"rendered":"Erkl\u00e4rung zur Vielfalt"},"content":{"rendered":"<div data-elementor-type=\"wp-post\" data-elementor-id=\"11948\" class=\"elementor elementor-11948\">\n\t\t\t\t\t\t<section class=\"elementor-section elementor-top-section elementor-element elementor-element-78057fe1 elementor-hidden-phone elementor-section-boxed elementor-section-height-default elementor-section-height-default exad-glass-effect-no exad-sticky-section-no\" data-id=\"78057fe1\" data-element_type=\"section\" data-e-type=\"section\" data-settings=\"{&quot;background_background&quot;:&quot;classic&quot;}\">\n\t\t\t\t\t\t\t<div class=\"elementor-background-overlay\"><\/div>\n\t\t\t\t\t\t\t<div class=\"elementor-container elementor-column-gap-default\">\n\t\t\t\t\t<div class=\"elementor-column elementor-col-100 elementor-top-column elementor-element elementor-element-4ce73576 exad-glass-effect-no exad-sticky-section-no\" data-id=\"4ce73576\" data-element_type=\"column\" data-e-type=\"column\" data-settings=\"{&quot;background_background&quot;:&quot;classic&quot;}\">\n\t\t\t<div class=\"elementor-widget-wrap elementor-element-populated\">\n\t\t\t\t\t<div class=\"elementor-background-overlay\"><\/div>\n\t\t\t\t\t\t<div class=\"elementor-element elementor-element-36cf1281 exad-sticky-section-no exad-glass-effect-no elementor-widget elementor-widget-heading\" data-id=\"36cf1281\" data-element_type=\"widget\" data-e-type=\"widget\" data-widget_type=\"heading.default\">\n\t\t\t\t<div class=\"elementor-widget-container\">\n\t\t\t\t\t<h1 class=\"elementor-heading-title elementor-size-default\">Erkl\u00e4rung zur Vielfalt<\/h1>\t\t\t\t<\/div>\n\t\t\t\t<\/div>\n\t\t\t\t\t<\/div>\n\t\t<\/div>\n\t\t\t\t\t<\/div>\n\t\t<\/section>\n\t\t\t\t<section class=\"elementor-section elementor-top-section elementor-element elementor-element-6f797d2 elementor-hidden-desktop elementor-hidden-tablet elementor-section-boxed elementor-section-height-default elementor-section-height-default exad-glass-effect-no exad-sticky-section-no\" data-id=\"6f797d2\" data-element_type=\"section\" data-e-type=\"section\" data-settings=\"{&quot;background_background&quot;:&quot;classic&quot;}\">\n\t\t\t\t\t\t\t<div class=\"elementor-background-overlay\"><\/div>\n\t\t\t\t\t\t\t<div class=\"elementor-container elementor-column-gap-default\">\n\t\t\t\t\t<div class=\"elementor-column elementor-col-100 elementor-top-column elementor-element elementor-element-9555b4b exad-glass-effect-no exad-sticky-section-no\" data-id=\"9555b4b\" data-element_type=\"column\" data-e-type=\"column\" data-settings=\"{&quot;background_background&quot;:&quot;classic&quot;}\">\n\t\t\t<div class=\"elementor-widget-wrap elementor-element-populated\">\n\t\t\t\t\t<div class=\"elementor-background-overlay\"><\/div>\n\t\t\t\t\t\t<div class=\"elementor-element elementor-element-b730609 exad-sticky-section-no exad-glass-effect-no elementor-widget elementor-widget-heading\" data-id=\"b730609\" data-element_type=\"widget\" data-e-type=\"widget\" data-widget_type=\"heading.default\">\n\t\t\t\t<div class=\"elementor-widget-container\">\n\t\t\t\t\t<h1 class=\"elementor-heading-title elementor-size-default\">Erkl\u00e4rung zur Vielfalt<\/h1>\t\t\t\t<\/div>\n\t\t\t\t<\/div>\n\t\t\t\t\t<\/div>\n\t\t<\/div>\n\t\t\t\t\t<\/div>\n\t\t<\/section>\n\t\t\t\t<section class=\"elementor-section elementor-top-section elementor-element elementor-element-6e2c259 elementor-section-boxed elementor-section-height-default elementor-section-height-default exad-glass-effect-no exad-sticky-section-no elementor-invisible\" data-id=\"6e2c259\" data-element_type=\"section\" data-e-type=\"section\" data-settings=\"{&quot;animation&quot;:&quot;slideInUp&quot;}\">\n\t\t\t\t\t\t<div class=\"elementor-container elementor-column-gap-default\">\n\t\t\t\t\t\t<\/div>\n\t\t<\/section>\n\t\t\t\t<section class=\"elementor-section elementor-top-section elementor-element elementor-element-4918224 elementor-section-boxed elementor-section-height-default elementor-section-height-default exad-glass-effect-no exad-sticky-section-no\" data-id=\"4918224\" data-element_type=\"section\" data-e-type=\"section\">\n\t\t\t\t\t\t<div class=\"elementor-container elementor-column-gap-default\">\n\t\t\t\t\t<div class=\"elementor-column elementor-col-100 elementor-top-column elementor-element elementor-element-f22680d exad-glass-effect-no exad-sticky-section-no\" data-id=\"f22680d\" data-element_type=\"column\" data-e-type=\"column\">\n\t\t\t<div class=\"elementor-widget-wrap elementor-element-populated\">\n\t\t\t\t\t\t<div class=\"elementor-element elementor-element-febf0e9 exad-sticky-section-no exad-glass-effect-no elementor-widget elementor-widget-heading\" data-id=\"febf0e9\" data-element_type=\"widget\" data-e-type=\"widget\" data-widget_type=\"heading.default\">\n\t\t\t\t<div class=\"elementor-widget-container\">\n\t\t\t\t\t<h2 class=\"elementor-heading-title elementor-size-default\">Erkl\u00e4rung zu globaler Vielfalt, Gleichberechtigung und Inklusion inspirieren<\/h2>\t\t\t\t<\/div>\n\t\t\t\t<\/div>\n\t\t\t\t<section class=\"elementor-section elementor-inner-section elementor-element elementor-element-f8a37ff elementor-section-boxed elementor-section-height-default elementor-section-height-default exad-glass-effect-no exad-sticky-section-no\" data-id=\"f8a37ff\" data-element_type=\"section\" data-e-type=\"section\">\n\t\t\t\t\t\t<div class=\"elementor-container elementor-column-gap-default\">\n\t\t\t\t\t<div class=\"elementor-column elementor-col-100 elementor-inner-column elementor-element elementor-element-dce2f1b exad-glass-effect-no exad-sticky-section-no\" data-id=\"dce2f1b\" data-element_type=\"column\" data-e-type=\"column\">\n\t\t\t<div class=\"elementor-widget-wrap elementor-element-populated\">\n\t\t\t\t\t\t<div class=\"elementor-element elementor-element-adcea10 exad-sticky-section-no exad-glass-effect-no elementor-widget elementor-widget-text-editor\" data-id=\"adcea10\" data-element_type=\"widget\" data-e-type=\"widget\" data-widget_type=\"text-editor.default\">\n\t\t\t\t<div class=\"elementor-widget-container\">\n\t\t\t\t\t\t\t\t\t<p><span data-contrast=\"auto\">Inspire Global bringt Gemeinschaften und B\u00fcrger aus der ganzen Welt zusammen. Es zielt darauf ab, eine vereinende Bewegung zur F\u00f6rderung des Tourismus mit positiver Wirkung zu sein. Zu diesem Zweck bitten wir alle Mitglieder, Veranstaltungsanbieter und Partner, sich dem Ethos dessen anzuschlie\u00dfen, was wir mitgestalten. Alle Stimmen sind willkommen, und wir erwarten von Partnern und Mitgliedern, dass sie die reiche Lebendigkeit und Vielfalt der Gemeinschaft annehmen und sicherstellen, dass Inspire Global Menschen zusammenbringt und dabei Menschlichkeit, Gleichberechtigung und Inklusivit\u00e4t betont.<\/span><\/p><p><span data-contrast=\"auto\">Inspire Global wird die Vielfalt seiner Community durch unsere Mitglieder, Botschafter, Partner und Referenten bei seinen Veranstaltungen vollst\u00e4ndig repr\u00e4sentieren und f\u00f6rdern.<\/span><\/p><p><span data-contrast=\"auto\">Von allen Inspire Global-Mitgliedern, Veranstaltungsort- und Veranstaltungslieferanten sowie Rednern wird erwartet, dass sie wissentlich keine Sprache verwenden, die als diskriminierend oder beleidigend f\u00fcr Mitglieder und G\u00e4ste angesehen werden k\u00f6nnte. Von allen Mitgliedern und Partnern wird erwartet, dass sie den \u00dcberzeugungen anderer gegen\u00fcber tolerant sind und sensibel auf den Einfluss des ethnischen und kulturellen Hintergrunds, die Bed\u00fcrfnisse von Menschen mit Behinderungen und Fragen in Bezug auf Geschlecht, Familienstand, Sexualit\u00e4t, sozio\u00f6konomischen Hintergrund und Alter reagieren.<\/span><\/p>\t\t\t\t\t\t\t\t<\/div>\n\t\t\t\t<\/div>\n\t\t\t\t<div class=\"elementor-element elementor-element-38a0b04 exad-sticky-section-no exad-glass-effect-no elementor-widget elementor-widget-spacer\" data-id=\"38a0b04\" data-element_type=\"widget\" data-e-type=\"widget\" data-widget_type=\"spacer.default\">\n\t\t\t\t<div class=\"elementor-widget-container\">\n\t\t\t\t\t\t\t<div class=\"elementor-spacer\">\n\t\t\t<div class=\"elementor-spacer-inner\"><\/div>\n\t\t<\/div>\n\t\t\t\t\t\t<\/div>\n\t\t\t\t<\/div>\n\t\t\t\t\t<\/div>\n\t\t<\/div>\n\t\t\t\t\t<\/div>\n\t\t<\/section>\n\t\t\t\t\t<\/div>\n\t\t<\/div>\n\t\t\t\t\t<\/div>\n\t\t<\/section>\n\t\t\t\t<\/div>","protected":false},"excerpt":{"rendered":"<p>Diversity Statement Diversity Statement Inspire Global Diversity, Equality and Inclusion Statement Inspire Global brings together communities and citizens from across world. It aims to be [&hellip;]<\/p>\n","protected":false},"author":3,"featured_media":12288,"parent":0,"menu_order":0,"comment_status":"closed","ping_status":"closed","template":"","meta":{"site-sidebar-layout":"no-sidebar","site-content-layout":"page-builder","ast-site-content-layout":"default","site-content-style":"default","site-sidebar-style":"default","ast-global-header-display":"","ast-banner-title-visibility":"","ast-main-header-display":"","ast-hfb-above-header-display":"","ast-hfb-below-header-display":"","ast-hfb-mobile-header-display":"","site-post-title":"disabled","ast-breadcrumbs-content":"","ast-featured-img":"disabled","footer-sml-layout":"","ast-disable-related-posts":"","theme-transparent-header-meta":"default","adv-header-id-meta":"","stick-header-meta":"default","header-above-stick-meta":"","header-main-stick-meta":"","header-below-stick-meta":"","astra-migrate-meta-layouts":"default","ast-page-background-enabled":"default","ast-page-background-meta":{"desktop":{"background-color":"","background-image":"","background-repeat":"repeat","background-position":"center center","background-size":"auto","background-attachment":"scroll","background-type":"","background-media":"","overlay-type":"","overlay-color":"","overlay-opacity":"","overlay-gradient":""},"tablet":{"background-color":"","background-image":"","background-repeat":"repeat","background-position":"center center","background-size":"auto","background-attachment":"scroll","background-type":"","background-media":"","overlay-type":"","overlay-color":"","overlay-opacity":"","overlay-gradient":""},"mobile":{"background-color":"","background-image":"","background-repeat":"repeat","background-position":"center center","background-size":"auto","background-attachment":"scroll","background-type":"","background-media":"","overlay-type":"","overlay-color":"","overlay-opacity":"","overlay-gradient":""}},"ast-content-background-meta":{"desktop":{"background-color":"var(--ast-global-color-5)","background-image":"","background-repeat":"repeat","background-position":"center center","background-size":"auto","background-attachment":"scroll","background-type":"","background-media":"","overlay-type":"","overlay-color":"","overlay-opacity":"","overlay-gradient":""},"tablet":{"background-color":"var(--ast-global-color-5)","background-image":"","background-repeat":"repeat","background-position":"center center","background-size":"auto","background-attachment":"scroll","background-type":"","background-media":"","overlay-type":"","overlay-color":"","overlay-opacity":"","overlay-gradient":""},"mobile":{"background-color":"var(--ast-global-color-5)","background-image":"","background-repeat":"repeat","background-position":"center center","background-size":"auto","background-attachment":"scroll","background-type":"","background-media":"","overlay-type":"","overlay-color":"","overlay-opacity":"","overlay-gradient":""}},"footnotes":""},"class_list":["post-11948","page","type-page","status-publish","has-post-thumbnail","hentry"],"yoast_head":"<!-- This site is optimized with the Yoast SEO plugin v27.4 - https:\/\/yoast.com\/product\/yoast-seo-wordpress\/ -->\n<title>Diversity Statement - Inspire Global<\/title>\n<meta name=\"robots\" content=\"index, follow, max-snippet:-1, max-image-preview:large, max-video-preview:-1\" \/>\n<link rel=\"canonical\" href=\"https:\/\/inspireglobal.travel\/de\/diversity-erklarung\/\" \/>\n<meta property=\"og:locale\" content=\"de_DE\" \/>\n<meta property=\"og:type\" content=\"article\" \/>\n<meta property=\"og:title\" content=\"Diversity Statement - Inspire Global\" \/>\n<meta property=\"og:description\" content=\"Diversity Statement Diversity Statement Inspire Global Diversity, Equality and Inclusion Statement Inspire Global brings together communities and citizens from across world. It aims to be [&hellip;]\" \/>\n<meta property=\"og:url\" content=\"https:\/\/inspireglobal.travel\/de\/diversity-erklarung\/\" \/>\n<meta property=\"og:site_name\" content=\"Inspire Global\" \/>\n<meta property=\"article:publisher\" content=\"https:\/\/www.facebook.com\/Inspire-Global-Travel-173870614311417\/\" \/>\n<meta property=\"article:modified_time\" content=\"2022-07-26T12:44:57+00:00\" \/>\n<meta property=\"og:image\" content=\"https:\/\/inspireglobal.travel\/wp-content\/uploads\/2022\/07\/jed-villejo-bEcC0nyIp2g-unsplash.jpg\" \/>\n\t<meta property=\"og:image:width\" content=\"1920\" \/>\n\t<meta property=\"og:image:height\" content=\"1517\" \/>\n\t<meta property=\"og:image:type\" content=\"image\/jpeg\" \/>\n<meta name=\"twitter:card\" content=\"summary_large_image\" \/>\n<meta name=\"twitter:site\" content=\"@Inspire__Global\" \/>\n<meta name=\"twitter:label1\" content=\"Gesch\u00e4tzte Lesezeit\" \/>\n\t<meta name=\"twitter:data1\" content=\"1\u00a0Minute\" \/>\n<script type=\"application\/ld+json\" class=\"yoast-schema-graph\">{\"@context\":\"https:\\\/\\\/schema.org\",\"@graph\":[{\"@type\":\"WebPage\",\"@id\":\"https:\\\/\\\/inspireglobal.travel\\\/ja\\\/%e5%a4%9a%e6%a7%98%e6%80%a7%e5%a3%b0%e6%98%8e\\\/\",\"url\":\"https:\\\/\\\/inspireglobal.travel\\\/ja\\\/%e5%a4%9a%e6%a7%98%e6%80%a7%e5%a3%b0%e6%98%8e\\\/\",\"name\":\"Diversity Statement - Inspire Global\",\"isPartOf\":{\"@id\":\"https:\\\/\\\/inspireglobal.travel\\\/#website\"},\"primaryImageOfPage\":{\"@id\":\"https:\\\/\\\/inspireglobal.travel\\\/ja\\\/%e5%a4%9a%e6%a7%98%e6%80%a7%e5%a3%b0%e6%98%8e\\\/#primaryimage\"},\"image\":{\"@id\":\"https:\\\/\\\/inspireglobal.travel\\\/ja\\\/%e5%a4%9a%e6%a7%98%e6%80%a7%e5%a3%b0%e6%98%8e\\\/#primaryimage\"},\"thumbnailUrl\":\"https:\\\/\\\/inspireglobal.travel\\\/wp-content\\\/uploads\\\/2022\\\/07\\\/jed-villejo-bEcC0nyIp2g-unsplash.jpg\",\"datePublished\":\"2022-06-30T11:44:15+00:00\",\"dateModified\":\"2022-07-26T12:44:57+00:00\",\"breadcrumb\":{\"@id\":\"https:\\\/\\\/inspireglobal.travel\\\/ja\\\/%e5%a4%9a%e6%a7%98%e6%80%a7%e5%a3%b0%e6%98%8e\\\/#breadcrumb\"},\"inLanguage\":\"de\",\"potentialAction\":[{\"@type\":\"ReadAction\",\"target\":[\"https:\\\/\\\/inspireglobal.travel\\\/ja\\\/%e5%a4%9a%e6%a7%98%e6%80%a7%e5%a3%b0%e6%98%8e\\\/\"]}]},{\"@type\":\"ImageObject\",\"inLanguage\":\"de\",\"@id\":\"https:\\\/\\\/inspireglobal.travel\\\/ja\\\/%e5%a4%9a%e6%a7%98%e6%80%a7%e5%a3%b0%e6%98%8e\\\/#primaryimage\",\"url\":\"https:\\\/\\\/inspireglobal.travel\\\/wp-content\\\/uploads\\\/2022\\\/07\\\/jed-villejo-bEcC0nyIp2g-unsplash.jpg\",\"contentUrl\":\"https:\\\/\\\/inspireglobal.travel\\\/wp-content\\\/uploads\\\/2022\\\/07\\\/jed-villejo-bEcC0nyIp2g-unsplash.jpg\",\"width\":1920,\"height\":1517},{\"@type\":\"BreadcrumbList\",\"@id\":\"https:\\\/\\\/inspireglobal.travel\\\/ja\\\/%e5%a4%9a%e6%a7%98%e6%80%a7%e5%a3%b0%e6%98%8e\\\/#breadcrumb\",\"itemListElement\":[{\"@type\":\"ListItem\",\"position\":1,\"name\":\"Home\",\"item\":\"https:\\\/\\\/inspireglobal.travel\\\/\"},{\"@type\":\"ListItem\",\"position\":2,\"name\":\"Diversity Statement\"}]},{\"@type\":\"WebSite\",\"@id\":\"https:\\\/\\\/inspireglobal.travel\\\/#website\",\"url\":\"https:\\\/\\\/inspireglobal.travel\\\/\",\"name\":\"Inspire Global\",\"description\":\"A mission-driven member community championing positive impact tourism\",\"publisher\":{\"@id\":\"https:\\\/\\\/inspireglobal.travel\\\/#organization\"},\"potentialAction\":[{\"@type\":\"SearchAction\",\"target\":{\"@type\":\"EntryPoint\",\"urlTemplate\":\"https:\\\/\\\/inspireglobal.travel\\\/?s={search_term_string}\"},\"query-input\":{\"@type\":\"PropertyValueSpecification\",\"valueRequired\":true,\"valueName\":\"search_term_string\"}}],\"inLanguage\":\"de\"},{\"@type\":\"Organization\",\"@id\":\"https:\\\/\\\/inspireglobal.travel\\\/#organization\",\"name\":\"Inspire Global\",\"url\":\"https:\\\/\\\/inspireglobal.travel\\\/\",\"logo\":{\"@type\":\"ImageObject\",\"inLanguage\":\"de\",\"@id\":\"https:\\\/\\\/inspireglobal.travel\\\/#\\\/schema\\\/logo\\\/image\\\/\",\"url\":\"https:\\\/\\\/inspireglobal.travel\\\/wp-content\\\/uploads\\\/2019\\\/12\\\/inspire-global-logo-01.png\",\"contentUrl\":\"https:\\\/\\\/inspireglobal.travel\\\/wp-content\\\/uploads\\\/2019\\\/12\\\/inspire-global-logo-01.png\",\"width\":1321,\"height\":566,\"caption\":\"Inspire Global\"},\"image\":{\"@id\":\"https:\\\/\\\/inspireglobal.travel\\\/#\\\/schema\\\/logo\\\/image\\\/\"},\"sameAs\":[\"https:\\\/\\\/www.facebook.com\\\/Inspire-Global-Travel-173870614311417\\\/\",\"https:\\\/\\\/x.com\\\/Inspire__Global\",\"https:\\\/\\\/www.instagram.com\\\/inspire_global_travel\\\/\",\"https:\\\/\\\/www.linkedin.com\\\/company\\\/inspire-globaltravel\\\/\"]}]}<\/script>\n<!-- \/ Yoast SEO plugin. -->","yoast_head_json":{"title":"Erkl\u00e4rung zur Vielfalt - Inspire Global","robots":{"index":"index","follow":"follow","max-snippet":"max-snippet:-1","max-image-preview":"max-image-preview:large","max-video-preview":"max-video-preview:-1"},"canonical":"https:\/\/inspireglobal.travel\/de\/diversity-erklarung\/","og_locale":"de_DE","og_type":"article","og_title":"Diversity Statement - Inspire Global","og_description":"Diversity Statement Diversity Statement Inspire Global Diversity, Equality and Inclusion Statement Inspire Global brings together communities and citizens from across world. It aims to be [&hellip;]","og_url":"https:\/\/inspireglobal.travel\/de\/diversity-erklarung\/","og_site_name":"Inspire Global","article_publisher":"https:\/\/www.facebook.com\/Inspire-Global-Travel-173870614311417\/","article_modified_time":"2022-07-26T12:44:57+00:00","og_image":[{"width":1920,"height":1517,"url":"https:\/\/inspireglobal.travel\/wp-content\/uploads\/2022\/07\/jed-villejo-bEcC0nyIp2g-unsplash.jpg","type":"image\/jpeg"}],"twitter_card":"summary_large_image","twitter_site":"@Inspire__Global","twitter_misc":{"Gesch\u00e4tzte Lesezeit":"1\u00a0Minute"},"schema":{"@context":"https:\/\/schema.org","@graph":[{"@type":"WebPage","@id":"https:\/\/inspireglobal.travel\/ja\/%e5%a4%9a%e6%a7%98%e6%80%a7%e5%a3%b0%e6%98%8e\/","url":"https:\/\/inspireglobal.travel\/ja\/%e5%a4%9a%e6%a7%98%e6%80%a7%e5%a3%b0%e6%98%8e\/","name":"Erkl\u00e4rung zur Vielfalt - Inspire Global","isPartOf":{"@id":"https:\/\/inspireglobal.travel\/#website"},"primaryImageOfPage":{"@id":"https:\/\/inspireglobal.travel\/ja\/%e5%a4%9a%e6%a7%98%e6%80%a7%e5%a3%b0%e6%98%8e\/#primaryimage"},"image":{"@id":"https:\/\/inspireglobal.travel\/ja\/%e5%a4%9a%e6%a7%98%e6%80%a7%e5%a3%b0%e6%98%8e\/#primaryimage"},"thumbnailUrl":"https:\/\/inspireglobal.travel\/wp-content\/uploads\/2022\/07\/jed-villejo-bEcC0nyIp2g-unsplash.jpg","datePublished":"2022-06-30T11:44:15+00:00","dateModified":"2022-07-26T12:44:57+00:00","breadcrumb":{"@id":"https:\/\/inspireglobal.travel\/ja\/%e5%a4%9a%e6%a7%98%e6%80%a7%e5%a3%b0%e6%98%8e\/#breadcrumb"},"inLanguage":"de","potentialAction":[{"@type":"ReadAction","target":["https:\/\/inspireglobal.travel\/ja\/%e5%a4%9a%e6%a7%98%e6%80%a7%e5%a3%b0%e6%98%8e\/"]}]},{"@type":"ImageObject","inLanguage":"de","@id":"https:\/\/inspireglobal.travel\/ja\/%e5%a4%9a%e6%a7%98%e6%80%a7%e5%a3%b0%e6%98%8e\/#primaryimage","url":"https:\/\/inspireglobal.travel\/wp-content\/uploads\/2022\/07\/jed-villejo-bEcC0nyIp2g-unsplash.jpg","contentUrl":"https:\/\/inspireglobal.travel\/wp-content\/uploads\/2022\/07\/jed-villejo-bEcC0nyIp2g-unsplash.jpg","width":1920,"height":1517},{"@type":"BreadcrumbList","@id":"https:\/\/inspireglobal.travel\/ja\/%e5%a4%9a%e6%a7%98%e6%80%a7%e5%a3%b0%e6%98%8e\/#breadcrumb","itemListElement":[{"@type":"ListItem","position":1,"name":"Home","item":"https:\/\/inspireglobal.travel\/"},{"@type":"ListItem","position":2,"name":"Diversity Statement"}]},{"@type":"WebSite","@id":"https:\/\/inspireglobal.travel\/#website","url":"https:\/\/inspireglobal.travel\/","name":"Weltweit inspirieren","description":"A mission-driven member community championing positive impact tourism","publisher":{"@id":"https:\/\/inspireglobal.travel\/#organization"},"potentialAction":[{"@type":"SearchAction","target":{"@type":"EntryPoint","urlTemplate":"https:\/\/inspireglobal.travel\/?s={search_term_string}"},"query-input":{"@type":"PropertyValueSpecification","valueRequired":true,"valueName":"search_term_string"}}],"inLanguage":"de"},{"@type":"Organization","@id":"https:\/\/inspireglobal.travel\/#organization","name":"Weltweit inspirieren","url":"https:\/\/inspireglobal.travel\/","logo":{"@type":"ImageObject","inLanguage":"de","@id":"https:\/\/inspireglobal.travel\/#\/schema\/logo\/image\/","url":"https:\/\/inspireglobal.travel\/wp-content\/uploads\/2019\/12\/inspire-global-logo-01.png","contentUrl":"https:\/\/inspireglobal.travel\/wp-content\/uploads\/2019\/12\/inspire-global-logo-01.png","width":1321,"height":566,"caption":"Inspire Global"},"image":{"@id":"https:\/\/inspireglobal.travel\/#\/schema\/logo\/image\/"},"sameAs":["https:\/\/www.facebook.com\/Inspire-Global-Travel-173870614311417\/","https:\/\/x.com\/Inspire__Global","https:\/\/www.instagram.com\/inspire_global_travel\/","https:\/\/www.linkedin.com\/company\/inspire-globaltravel\/"]}]}},"_links":{"self":[{"href":"https:\/\/inspireglobal.travel\/de\/wp-json\/wp\/v2\/pages\/11948","targetHints":{"allow":["GET"]}}],"collection":[{"href":"https:\/\/inspireglobal.travel\/de\/wp-json\/wp\/v2\/pages"}],"about":[{"href":"https:\/\/inspireglobal.travel\/de\/wp-json\/wp\/v2\/types\/page"}],"author":[{"embeddable":true,"href":"https:\/\/inspireglobal.travel\/de\/wp-json\/wp\/v2\/users\/3"}],"replies":[{"embeddable":true,"href":"https:\/\/inspireglobal.travel\/de\/wp-json\/wp\/v2\/comments?post=11948"}],"version-history":[{"count":0,"href":"https:\/\/inspireglobal.travel\/de\/wp-json\/wp\/v2\/pages\/11948\/revisions"}],"wp:featuredmedia":[{"embeddable":true,"href":"https:\/\/inspireglobal.travel\/de\/wp-json\/wp\/v2\/media\/12288"}],"wp:attachment":[{"href":"https:\/\/inspireglobal.travel\/de\/wp-json\/wp\/v2\/media?parent=11948"}],"curies":[{"name":"wp","href":"https:\/\/api.w.org\/{rel}","templated":true}]}}