{"id":4933,"date":"2021-04-06T15:22:05","date_gmt":"2021-04-06T14:22:05","guid":{"rendered":"https:\/\/inspireafrica.travel\/?page_id=4933"},"modified":"2024-08-14T11:40:37","modified_gmt":"2024-08-14T10:40:37","slug":"cookie-richtlinie","status":"publish","type":"page","link":"https:\/\/inspireglobal.travel\/de\/cookie-policy\/","title":{"rendered":"Cookie-Richtlinie"},"content":{"rendered":"<div data-elementor-type=\"wp-page\" data-elementor-id=\"4933\" class=\"elementor elementor-4933\">\n\t\t\t\t\t\t<section class=\"elementor-section elementor-top-section elementor-element elementor-element-00b01cd elementor-section-boxed elementor-section-height-default elementor-section-height-default exad-glass-effect-no exad-sticky-section-no\" data-id=\"00b01cd\" data-element_type=\"section\" data-e-type=\"section\">\n\t\t\t\t\t\t<div class=\"elementor-container elementor-column-gap-default\">\n\t\t\t\t\t<div class=\"elementor-column elementor-col-100 elementor-top-column elementor-element elementor-element-adc5035 exad-glass-effect-no exad-sticky-section-no\" data-id=\"adc5035\" data-element_type=\"column\" data-e-type=\"column\">\n\t\t\t<div class=\"elementor-widget-wrap elementor-element-populated\">\n\t\t\t\t\t\t<div class=\"elementor-element elementor-element-5a58991 exad-sticky-section-no exad-glass-effect-no elementor-widget elementor-widget-heading\" data-id=\"5a58991\" data-element_type=\"widget\" data-e-type=\"widget\" data-widget_type=\"heading.default\">\n\t\t\t\t<div class=\"elementor-widget-container\">\n\t\t\t\t\t<h2 class=\"elementor-heading-title elementor-size-default\">Cookie-Richtlinie<\/h2>\t\t\t\t<\/div>\n\t\t\t\t<\/div>\n\t\t\t\t<div class=\"elementor-element elementor-element-7f86ffa exad-sticky-section-no exad-glass-effect-no elementor-widget elementor-widget-text-editor\" data-id=\"7f86ffa\" data-element_type=\"widget\" data-e-type=\"widget\" data-widget_type=\"text-editor.default\">\n\t\t\t\t<div class=\"elementor-widget-container\">\n\t\t\t\t\t\t\t\t\t<p><span style=\"font-size: 20px;\">Diese Cookie-Richtlinie legt die Grundlage fest, auf der wir, Inspire Global, Cookies und \u00e4hnliche Technologien auf unserer Website https:\/\/inspireglobal.travel (unsere Website) verwenden.<\/span><\/p><p>Wir k\u00f6nnen diese Cookie-Richtlinie von Zeit zu Zeit aktualisieren, um Sie umfassend \u00fcber unsere neuesten Praktiken im Zusammenhang mit Cookies und \u00e4hnlichen Informationserfassungstechnologien auf unserer Website auf dem Laufenden zu halten. Sie sollten diese Cookie-Richtlinie bei jedem Besuch unserer Website \u00fcberpr\u00fcfen, um herauszufinden, ob sich unsere Verwendung von Cookies und \u00e4hnlichen Technologien ge\u00e4ndert hat. Diese Cookie-Richtlinie gilt ab dem 01.04.2021.<\/p><p>Wir empfehlen Ihnen, eine Kopie dieser Cookie-Richtlinie f\u00fcr Ihre Unterlagen auszudrucken.<\/p><p><strong>INHALT<\/strong><\/p><ul><li>\u00dcber Kekse<\/li><li>Arten von verwendeten Cookies<br \/>\u2013 Unverzichtbare Cookies<br \/>\u2013 Funktionale Cookies<br \/>\u2013 Analytische oder Performance-Cookies<br \/>\u2013 Cookies von Drittanbietern<br \/>\u2013 Web-Beacons<\/li><li>Wie Sie Cookies akzeptieren oder ablehnen<\/li><li>Urheberrecht, Kredit und Logo<\/li><\/ul><p><span style=\"font-size: 20px;\"><b>\u00dcBER COOKIES<br \/><\/b><\/span><span style=\"font-size: 20px;\">Cookies sind Datendateien, die zwischen Webservern und Webbrowsern, Prozessorspeichern oder Festplatten (Clients) gesendet werden, um das Ger\u00e4t eines bestimmten Benutzers zu erkennen, wenn der Benutzer auf eine Website zugreift. Sie werden f\u00fcr eine Reihe verschiedener Zwecke verwendet, z. B. um eine Website f\u00fcr einen bestimmten Benutzer anzupassen, einem Benutzer beim Navigieren auf einer Website zu helfen, die Website-Erfahrung dieses Benutzers zu verbessern und die Einstellungen und Anmeldeinformationen dieses Benutzers zu speichern.<\/span><\/p><p>Cookies k\u00f6nnen entweder als \u201eSession\u201c- oder \u201edauerhafte\u201c Cookies klassifiziert werden. Sitzungscookies werden in Ihrem Browser platziert, wenn Sie auf eine Website zugreifen, und bleiben so lange bestehen, wie Sie Ihren Browser ge\u00f6ffnet lassen. Sie verfallen, wenn Sie Ihren Browser schlie\u00dfen.<\/p><p>Permanente Cookies werden auf Ihrem Computer platziert, wenn Sie auf eine Website zugreifen, und verfallen zu einem festgelegten Zeitpunkt oder wenn Sie sie manuell aus Ihrem Browser l\u00f6schen, je nachdem, was zuerst eintritt.<\/p><p>Cookies werden entweder von unserer Website-Domain oder von Drittdomains in unserem Auftrag gesetzt. Cookies, die von uns auf unserer Website-Domain gesetzt werden, werden als \u201eErstanbieter\u201c-Cookies bezeichnet. Cookies, die von Drittanbieter-Domains oder auf oder \u00fcber unsere Website-Domain im Auftrag von Drittanbietern gesetzt werden, werden als \u201eDrittanbieter\u201c-Cookies bezeichnet.<\/p><p>Cookies enthalten in der Regel keine personenbezogenen Daten. Cookies k\u00f6nnen jedoch in Kombination mit anderen Informationen verwendet werden, um Sie zu identifizieren.<\/p><p>Wir verwenden auf unserer Website Erstanbieter-Cookies und sowohl Sitzungs- als auch dauerhafte Cookies.<\/p><p>Wenn Sie weitere Informationen zu Cookies im Allgemeinen ben\u00f6tigen, besuchen Sie bitte <a href=\"http:\/\/www.allaboutcookies.org\/\">www.allaboutcookies.org<\/a><\/p><p><b>ARTEN DER VERWENDETEN COOKIES<br \/><\/b><span style=\"font-size: 20px;\">Wir verwenden auf unserer Website die folgenden Arten von Cookies:<\/span><\/p><p><u>Unverzichtbare Kekse<br \/><\/u><span style=\"font-size: 20px;\">Dies sind Cookies, die notwendig sind, damit wir unsere Website und ihre wesentlichen Funktionen betreiben k\u00f6nnen. Wir verwenden essenzielle Cookies f\u00fcr folgende Zwecke auf unserer Website:<\/span><\/p><ul><li>um unsere Website zu verwalten.<\/li><li>um sicherzustellen, dass unsere Website ordnungsgem\u00e4\u00df funktioniert, wenn Sie damit interagieren.<\/li><li>um sich in passwortgesch\u00fctzte Bereiche einzuloggen oder auf andere sichere Bereiche unserer Website zuzugreifen.<\/li><\/ul><p><u>Funktionale Cookies<br \/><\/u><span style=\"font-size: 20px;\">Dies sind Cookies, die Informationen \u00fcber Ihre Pr\u00e4ferenzen und Ihre fr\u00fcheren Interaktionen mit unserer Website speichern und Sie erkennen, wenn Sie auf eine Website zur\u00fcckkehren, um Ihr Website-Erlebnis zu verbessern und f\u00fcr Sie zu personalisieren. Wir verwenden funktionale Cookies f\u00fcr die folgenden Zwecke auf unserer Website:<\/span><\/p><ul><li>um Sie wiederzuerkennen, wenn Sie auf unsere Website zur\u00fcckkehren.<\/li><li>um Ihr Erlebnis auf unserer Website zu verbessern.<\/li><li>um zu erkennen, ob Sie der Verwendung von Cookies auf unserer Website zugestimmt haben.<\/li><li>um die Art des von Ihnen verwendeten Browserger\u00e4ts, einschlie\u00dflich Ihres Browsers und Ihrer Browsereinstellungen, zu erkennen, um Ihnen unsere Website in einem geeigneten Format anzuzeigen.<\/li><li>zum Zweck der Bereitstellung unseres Kontaktformular-Anfragedienstes.<\/li><\/ul><p><u>Analytische oder Performance-Cookies<br \/><\/u><span style=\"font-size: 20px;\">Analytische Cookies verfolgen und sammeln Daten dar\u00fcber, was ein Benutzer auf einer Website tut. Wir verwenden analytische Cookies f\u00fcr die folgenden Zwecke auf unserer Website:<\/span><\/p><ul><li>um den Zugriff und die Nutzung unserer Website und ihrer Funktionen durch Benutzer zu analysieren.<\/li><li>um unsere Website zu verbessern, einschlie\u00dflich ihrer Benutzerfreundlichkeit, Funktionalit\u00e4t, Inhalte und Benutzererfahrung.<\/li><\/ul><p>Die Informationen, die wir mit analytischen Cookies sammeln, werden auf anonymisierter Basis gesammelt.<\/p><p><u>Erstanbieter-Cookies<br \/><\/u><span style=\"font-size: 20px;\">Zu den im Zusammenhang mit unserer Website verwendeten Erstanbieter-Cookies geh\u00f6ren:<\/span><\/p><table width=\"900\"><thead><tr><td><p><strong>Pl\u00e4tzchen<\/strong><\/p><\/td><td><p><strong>Cookie-Name<\/strong><\/p><\/td><td><p><strong>Zweck<\/strong><\/p><\/td><td><p><strong>Mehr Info<\/strong><\/p><\/td><\/tr><\/thead><tbody><tr><td><p>Sitzungscookie<\/p><\/td><td><p>PHPSESSID<\/p><\/td><td><p>Dieses Session-Cookie ist f\u00fcr die Identifizierung eines Nutzers auf unserer Website erforderlich. Dieses Cookie wird gel\u00f6scht, wenn Sie Ihren Browser schlie\u00dfen.<\/p><\/td><td>.<\/td><\/tr><tr><td><p>Google Analytics<\/p><\/td><td>.<\/td><td><p>Diese Cookies werden verwendet, um Informationen dar\u00fcber zu sammeln, wie Besucher unsere Website nutzen. Wir verwenden die Informationen, um Berichte zu erstellen und uns bei der Verbesserung der Website zu helfen. Die Cookies sammeln Informationen in anonymer Form, einschlie\u00dflich der Anzahl der Besucher der Website, woher die Besucher auf die Website gekommen sind und welche Seiten sie besucht haben.<\/p><\/td><td><p><a href=\"https:\/\/developers.google.com\/analytics\/devguides\/collection\/analyticsjs\/cookie-usage\">Verwendung von Google Analytics-Cookies auf Websites (einschlie\u00dflich Liste der verwendeten Cookies)<\/a><br \/><a href=\"https:\/\/policies.google.com\/technologies\/types\">Arten von Cookies, die von Google verwendet werden<\/a><\/p><\/td><\/tr><\/tbody><\/table><p><u>Cookies von Drittanbietern<br \/><\/u><span style=\"font-size: 20px;\">Dritte k\u00f6nnen Cookies auf, \u00fcber oder in Verbindung mit unserer Website verwenden, um Ihre Nutzung unserer Website zu analysieren und\/oder Ihnen Werbung (einschlie\u00dflich Werbung von Drittanbietern) anzuzeigen und f\u00fcr Werbe-Conversion-Tracking wie Google AdWords, falls verwendet . .<\/span><\/p><p>Zu den Cookies von Drittanbietern, die im Zusammenhang mit unserer Website verwendet werden, geh\u00f6ren:<\/p><p>Wir k\u00f6nnen nicht daf\u00fcr verantwortlich gemacht werden, wie Dritte Informationen \u00fcber Sie verwenden, die sie durch die Verwendung von Cookies erhalten.<\/p><p><u>Web-Beacons<br \/><\/u><span style=\"font-size: 20px;\">Wir und alle von uns verwendeten Marketingunternehmen betten auch Web Beacons in unsere Marketing-E-Mails und auf unserer Website ein. Web-Beacons sind kleine GIF-Bilddateien, die es uns erm\u00f6glichen, Ihren Erhalt unserer Marketing-E-Mails zu verfolgen, wie oft Sie unsere Anzeigen oder Webseiten ansehen, Ihren Standort, Ihre IP-Adresse und Browserinformationen. Web Beacons werden aktiviert, wenn Sie eine Marketing-E-Mail \u00f6ffnen oder auf eine Seite unserer Website zugreifen, die ein Web Beacon enth\u00e4lt. Web-Beacons \u00fcbertragen Daten, wenn Sie sie anzeigen, sind jedoch nicht in der Lage, auf andere Informationen auf Ihrem Computer zuzugreifen. Web-Beacons werden nicht auf Ihrer Festplatte gespeichert, es sei denn, Sie laden ein GIF-Bild herunter, das sie enth\u00e4lt. Einige (aber nicht alle) Browser erm\u00f6glichen es Ihnen, die Verwendung von Web Beacons einzuschr\u00e4nken, indem Sie entweder verhindern, dass sie Informationen an ihre Quelle zur\u00fccksenden (z. B. wenn Sie Browsereinstellungen w\u00e4hlen, die Cookies und Tracker blockieren), oder indem Sie nicht auf die enthaltenen Bilder zugreifen (z. B. wenn Sie in Ihrem E-Mail-Server die Einstellung \u201eBilder nicht anzeigen (in E-Mails)\u201c ausw\u00e4hlen).<\/span><\/p><p><b>WIE COOKIES AKZEPTIERT ODER ABGELEHNT WERDEN<br \/><\/b><span style=\"font-size: 20px;\">Die einfachste M\u00f6glichkeit, einige oder alle von einer Website verwendeten Cookies zu akzeptieren oder abzulehnen, besteht darin, Ihre Browsereinstellungen anzupassen. Wenn Sie nicht wissen, wie das geht, finden Sie unter den folgenden Links Informationen dar\u00fcber, wie Sie Ihre Browsereinstellungen f\u00fcr einige der am h\u00e4ufigsten verwendeten Webbrowser \u00e4ndern k\u00f6nnen:<\/span><\/p><ul><li>Google Chrome: <a href=\"https:\/\/support.google.com\/chrome\/answer\/95647?hl=en-GB\">https:\/\/support.google.com\/chrome\/answer\/95647?hl=en-GB<\/a><\/li><li>Mozilla-Firefox: <a href=\"https:\/\/support.mozilla.org\/en-US\/kb\/delete-browsing-search-download-history-firefox?redirectlocale=en-US&amp;redirectslug=Clear+Recent+History\">https:\/\/support.mozilla.org\/en-US\/kb\/delete-browsing-search-download-history-firefox?redirectlocale=en-US&amp;redirectslug=Clear+Recent+History<\/a><\/li><li>Microsoft Internet Explorer: <a href=\"https:\/\/support.microsoft.com\/en-us\/help\/278835\/how-to-delete-cookie-files-in-internet-explorer\">https:\/\/support.microsoft.com\/en-us\/help\/278835\/how-to-delete-cookie-files-in-internet-explorer<\/a><\/li><li>Apple-Safari: <a href=\"https:\/\/support.apple.com\/kb\/PH5042?locale=en_US\">https:\/\/support.apple.com\/kb\/PH5042?locale=en_US<\/a><\/li><\/ul><p>Einige Browser, wie Chrome und Firefox, erm\u00f6glichen es Ihnen, Ihre Einstellungen so zu \u00e4ndern, dass Sie im \u201eInkognito\u201c-Modus surfen, die auf Ihrem Computer abgelegte Datenmenge begrenzen und alle dauerhaften Cookies, die auf Ihrem Ger\u00e4t abgelegt werden, automatisch l\u00f6schen, wenn Sie Ihre Browsersitzung beenden. Es gibt auch Anwendungen von Drittanbietern, die Sie Ihrem Browser hinzuf\u00fcgen k\u00f6nnen, um Cookies zu blockieren oder zu verwalten.<\/p><p>Sie k\u00f6nnen das Google Analytics-Tracking deaktivieren, indem Sie Folgendes besuchen: <a href=\"http:\/\/tools.google.com\/dlpage\/gaoptout\">http:\/\/tools.google.com\/dlpage\/gaoptout<\/a><\/p><p>Sie k\u00f6nnen die Verwendung einiger oder aller Cookies, die wir auf unserer Website verwenden, gerne blockieren. Bitte beachten Sie jedoch, dass dies unsere Website und ihre Funktionalit\u00e4t beeintr\u00e4chtigen oder sogar ganz oder teilweise unbrauchbar machen kann.<\/p><p>Ausf\u00fchrlichere Informationen zu Cookies und zur Anpassung Ihrer Browsereinstellungen finden Sie unter:<a href=\"http:\/\/www.allaboutcookies.org\/\"> www.allaboutcookies.org<\/a><\/p><p><b>COPYRIGHT, KREDIT UND LOGO<br \/><\/b><span style=\"font-size: 20px;\">Diese Cookie-Richtlinie basiert auf einer Vorlage, die der Datenschutz-Grundverordnung (Verordnung (EU) 2016\/769) entspricht und von der DSGVO-Datenschutzrichtlinie bereitgestellt wird. Weitere Informationen finden Sie unter: <\/span><a style=\"font-size: 20px; background-color: #f3f3f3;\" href=\"https:\/\/gdprprivacypolicy.org\/\">https:\/\/gdprprivacypolicy.org<\/a><\/p><p>Das Urheberrecht an dieser Cookie-Richtlinie ist entweder unser Eigentum oder an uns lizenziert und wird durch Urheberrechtsgesetze auf der ganzen Welt und Urheberrechtsschutzsoftware gesch\u00fctzt. Alle geistigen Eigentumsrechte an diesem Dokument sind vorbehalten. Wenn wir das DSGVO-Datenschutzrichtlinien-Logo auf unserer Website anzeigen, wird dies verwendet, um anzuzeigen, dass wir eine von der DSGVO-Datenschutzrichtlinie bereitgestellte Datenschutzrichtlinie als Grundlage f\u00fcr diese Datenschutzrichtlinie \u00fcbernommen haben.<\/p>\t\t\t\t\t\t\t\t<\/div>\n\t\t\t\t<\/div>\n\t\t\t\t\t<\/div>\n\t\t<\/div>\n\t\t\t\t\t<\/div>\n\t\t<\/section>\n\t\t\t\t<\/div>","protected":false},"excerpt":{"rendered":"<p>Cookie Policy This Cookies Policy sets out the basis on which we, Inspire Global, use cookies and similar technologies on our website, https:\/\/inspireglobal.travel (our website). [&hellip;]<\/p>\n","protected":false},"author":3,"featured_media":0,"parent":0,"menu_order":0,"comment_status":"closed","ping_status":"closed","template":"","meta":{"site-sidebar-layout":"no-sidebar","site-content-layout":"page-builder","ast-site-content-layout":"default","site-content-style":"default","site-sidebar-style":"default","ast-global-header-display":"","ast-banner-title-visibility":"","ast-main-header-display":"","ast-hfb-above-header-display":"","ast-hfb-below-header-display":"","ast-hfb-mobile-header-display":"","site-post-title":"disabled","ast-breadcrumbs-content":"","ast-featured-img":"disabled","footer-sml-layout":"","ast-disable-related-posts":"","theme-transparent-header-meta":"default","adv-header-id-meta":"","stick-header-meta":"default","header-above-stick-meta":"","header-main-stick-meta":"","header-below-stick-meta":"","astra-migrate-meta-layouts":"default","ast-page-background-enabled":"default","ast-page-background-meta":{"desktop":{"background-color":"","background-image":"","background-repeat":"repeat","background-position":"center center","background-size":"auto","background-attachment":"scroll","background-type":"","background-media":"","overlay-type":"","overlay-color":"","overlay-opacity":"","overlay-gradient":""},"tablet":{"background-color":"","background-image":"","background-repeat":"repeat","background-position":"center center","background-size":"auto","background-attachment":"scroll","background-type":"","background-media":"","overlay-type":"","overlay-color":"","overlay-opacity":"","overlay-gradient":""},"mobile":{"background-color":"","background-image":"","background-repeat":"repeat","background-position":"center center","background-size":"auto","background-attachment":"scroll","background-type":"","background-media":"","overlay-type":"","overlay-color":"","overlay-opacity":"","overlay-gradient":""}},"ast-content-background-meta":{"desktop":{"background-color":"var(--ast-global-color-5)","background-image":"","background-repeat":"repeat","background-position":"center center","background-size":"auto","background-attachment":"scroll","background-type":"","background-media":"","overlay-type":"","overlay-color":"","overlay-opacity":"","overlay-gradient":""},"tablet":{"background-color":"var(--ast-global-color-5)","background-image":"","background-repeat":"repeat","background-position":"center center","background-size":"auto","background-attachment":"scroll","background-type":"","background-media":"","overlay-type":"","overlay-color":"","overlay-opacity":"","overlay-gradient":""},"mobile":{"background-color":"var(--ast-global-color-5)","background-image":"","background-repeat":"repeat","background-position":"center center","background-size":"auto","background-attachment":"scroll","background-type":"","background-media":"","overlay-type":"","overlay-color":"","overlay-opacity":"","overlay-gradient":""}},"footnotes":""},"class_list":["post-4933","page","type-page","status-publish","hentry"],"yoast_head":"<!-- This site is optimized with the Yoast SEO plugin v27.4 - https:\/\/yoast.com\/product\/yoast-seo-wordpress\/ -->\n<title>Cookie Policy - Inspire Global<\/title>\n<meta name=\"robots\" content=\"index, follow, max-snippet:-1, max-image-preview:large, max-video-preview:-1\" \/>\n<link rel=\"canonical\" href=\"https:\/\/inspireglobal.travel\/de\/cookie-richtlinie\/\" \/>\n<meta property=\"og:locale\" content=\"de_DE\" \/>\n<meta property=\"og:type\" content=\"article\" \/>\n<meta property=\"og:title\" content=\"Cookie Policy - Inspire Global\" \/>\n<meta property=\"og:description\" content=\"Cookie Policy This Cookies Policy sets out the basis on which we, Inspire Global, use cookies and similar technologies on our website, https:\/\/inspireglobal.travel (our website). [&hellip;]\" \/>\n<meta property=\"og:url\" content=\"https:\/\/inspireglobal.travel\/de\/cookie-richtlinie\/\" \/>\n<meta property=\"og:site_name\" content=\"Inspire Global\" \/>\n<meta property=\"article:publisher\" content=\"https:\/\/www.facebook.com\/Inspire-Global-Travel-173870614311417\/\" \/>\n<meta property=\"article:modified_time\" content=\"2024-08-14T10:40:37+00:00\" \/>\n<meta name=\"twitter:card\" content=\"summary_large_image\" \/>\n<meta name=\"twitter:site\" content=\"@Inspire__Global\" \/>\n<meta name=\"twitter:label1\" content=\"Gesch\u00e4tzte Lesezeit\" \/>\n\t<meta name=\"twitter:data1\" content=\"6\u00a0Minuten\" \/>\n<script type=\"application\/ld+json\" class=\"yoast-schema-graph\">{\"@context\":\"https:\\\/\\\/schema.org\",\"@graph\":[{\"@type\":\"WebPage\",\"@id\":\"https:\\\/\\\/inspireglobal.travel\\\/pt\\\/politica-de-cookies\\\/\",\"url\":\"https:\\\/\\\/inspireglobal.travel\\\/pt\\\/politica-de-cookies\\\/\",\"name\":\"Cookie Policy - Inspire Global\",\"isPartOf\":{\"@id\":\"https:\\\/\\\/inspireglobal.travel\\\/#website\"},\"datePublished\":\"2021-04-06T14:22:05+00:00\",\"dateModified\":\"2024-08-14T10:40:37+00:00\",\"breadcrumb\":{\"@id\":\"https:\\\/\\\/inspireglobal.travel\\\/pt\\\/politica-de-cookies\\\/#breadcrumb\"},\"inLanguage\":\"de\",\"potentialAction\":[{\"@type\":\"ReadAction\",\"target\":[\"https:\\\/\\\/inspireglobal.travel\\\/pt\\\/politica-de-cookies\\\/\"]}]},{\"@type\":\"BreadcrumbList\",\"@id\":\"https:\\\/\\\/inspireglobal.travel\\\/pt\\\/politica-de-cookies\\\/#breadcrumb\",\"itemListElement\":[{\"@type\":\"ListItem\",\"position\":1,\"name\":\"Home\",\"item\":\"https:\\\/\\\/inspireglobal.travel\\\/\"},{\"@type\":\"ListItem\",\"position\":2,\"name\":\"Cookie Policy\"}]},{\"@type\":\"WebSite\",\"@id\":\"https:\\\/\\\/inspireglobal.travel\\\/#website\",\"url\":\"https:\\\/\\\/inspireglobal.travel\\\/\",\"name\":\"Inspire Global\",\"description\":\"A mission-driven member community championing positive impact tourism\",\"publisher\":{\"@id\":\"https:\\\/\\\/inspireglobal.travel\\\/#organization\"},\"potentialAction\":[{\"@type\":\"SearchAction\",\"target\":{\"@type\":\"EntryPoint\",\"urlTemplate\":\"https:\\\/\\\/inspireglobal.travel\\\/?s={search_term_string}\"},\"query-input\":{\"@type\":\"PropertyValueSpecification\",\"valueRequired\":true,\"valueName\":\"search_term_string\"}}],\"inLanguage\":\"de\"},{\"@type\":\"Organization\",\"@id\":\"https:\\\/\\\/inspireglobal.travel\\\/#organization\",\"name\":\"Inspire Global\",\"url\":\"https:\\\/\\\/inspireglobal.travel\\\/\",\"logo\":{\"@type\":\"ImageObject\",\"inLanguage\":\"de\",\"@id\":\"https:\\\/\\\/inspireglobal.travel\\\/#\\\/schema\\\/logo\\\/image\\\/\",\"url\":\"https:\\\/\\\/inspireglobal.travel\\\/wp-content\\\/uploads\\\/2019\\\/12\\\/inspire-global-logo-01.png\",\"contentUrl\":\"https:\\\/\\\/inspireglobal.travel\\\/wp-content\\\/uploads\\\/2019\\\/12\\\/inspire-global-logo-01.png\",\"width\":1321,\"height\":566,\"caption\":\"Inspire Global\"},\"image\":{\"@id\":\"https:\\\/\\\/inspireglobal.travel\\\/#\\\/schema\\\/logo\\\/image\\\/\"},\"sameAs\":[\"https:\\\/\\\/www.facebook.com\\\/Inspire-Global-Travel-173870614311417\\\/\",\"https:\\\/\\\/x.com\\\/Inspire__Global\",\"https:\\\/\\\/www.instagram.com\\\/inspire_global_travel\\\/\",\"https:\\\/\\\/www.linkedin.com\\\/company\\\/inspire-globaltravel\\\/\"]}]}<\/script>\n<!-- \/ Yoast SEO plugin. -->","yoast_head_json":{"title":"Cookie-Richtlinie - Inspire Global","robots":{"index":"index","follow":"follow","max-snippet":"max-snippet:-1","max-image-preview":"max-image-preview:large","max-video-preview":"max-video-preview:-1"},"canonical":"https:\/\/inspireglobal.travel\/de\/cookie-richtlinie\/","og_locale":"de_DE","og_type":"article","og_title":"Cookie Policy - Inspire Global","og_description":"Cookie Policy This Cookies Policy sets out the basis on which we, Inspire Global, use cookies and similar technologies on our website, https:\/\/inspireglobal.travel (our website). [&hellip;]","og_url":"https:\/\/inspireglobal.travel\/de\/cookie-richtlinie\/","og_site_name":"Inspire Global","article_publisher":"https:\/\/www.facebook.com\/Inspire-Global-Travel-173870614311417\/","article_modified_time":"2024-08-14T10:40:37+00:00","twitter_card":"summary_large_image","twitter_site":"@Inspire__Global","twitter_misc":{"Gesch\u00e4tzte Lesezeit":"6\u00a0Minuten"},"schema":{"@context":"https:\/\/schema.org","@graph":[{"@type":"WebPage","@id":"https:\/\/inspireglobal.travel\/pt\/politica-de-cookies\/","url":"https:\/\/inspireglobal.travel\/pt\/politica-de-cookies\/","name":"Cookie-Richtlinie - Inspire Global","isPartOf":{"@id":"https:\/\/inspireglobal.travel\/#website"},"datePublished":"2021-04-06T14:22:05+00:00","dateModified":"2024-08-14T10:40:37+00:00","breadcrumb":{"@id":"https:\/\/inspireglobal.travel\/pt\/politica-de-cookies\/#breadcrumb"},"inLanguage":"de","potentialAction":[{"@type":"ReadAction","target":["https:\/\/inspireglobal.travel\/pt\/politica-de-cookies\/"]}]},{"@type":"BreadcrumbList","@id":"https:\/\/inspireglobal.travel\/pt\/politica-de-cookies\/#breadcrumb","itemListElement":[{"@type":"ListItem","position":1,"name":"Home","item":"https:\/\/inspireglobal.travel\/"},{"@type":"ListItem","position":2,"name":"Cookie Policy"}]},{"@type":"WebSite","@id":"https:\/\/inspireglobal.travel\/#website","url":"https:\/\/inspireglobal.travel\/","name":"Weltweit inspirieren","description":"A mission-driven member community championing positive impact tourism","publisher":{"@id":"https:\/\/inspireglobal.travel\/#organization"},"potentialAction":[{"@type":"SearchAction","target":{"@type":"EntryPoint","urlTemplate":"https:\/\/inspireglobal.travel\/?s={search_term_string}"},"query-input":{"@type":"PropertyValueSpecification","valueRequired":true,"valueName":"search_term_string"}}],"inLanguage":"de"},{"@type":"Organization","@id":"https:\/\/inspireglobal.travel\/#organization","name":"Weltweit inspirieren","url":"https:\/\/inspireglobal.travel\/","logo":{"@type":"ImageObject","inLanguage":"de","@id":"https:\/\/inspireglobal.travel\/#\/schema\/logo\/image\/","url":"https:\/\/inspireglobal.travel\/wp-content\/uploads\/2019\/12\/inspire-global-logo-01.png","contentUrl":"https:\/\/inspireglobal.travel\/wp-content\/uploads\/2019\/12\/inspire-global-logo-01.png","width":1321,"height":566,"caption":"Inspire Global"},"image":{"@id":"https:\/\/inspireglobal.travel\/#\/schema\/logo\/image\/"},"sameAs":["https:\/\/www.facebook.com\/Inspire-Global-Travel-173870614311417\/","https:\/\/x.com\/Inspire__Global","https:\/\/www.instagram.com\/inspire_global_travel\/","https:\/\/www.linkedin.com\/company\/inspire-globaltravel\/"]}]}},"_links":{"self":[{"href":"https:\/\/inspireglobal.travel\/de\/wp-json\/wp\/v2\/pages\/4933","targetHints":{"allow":["GET"]}}],"collection":[{"href":"https:\/\/inspireglobal.travel\/de\/wp-json\/wp\/v2\/pages"}],"about":[{"href":"https:\/\/inspireglobal.travel\/de\/wp-json\/wp\/v2\/types\/page"}],"author":[{"embeddable":true,"href":"https:\/\/inspireglobal.travel\/de\/wp-json\/wp\/v2\/users\/3"}],"replies":[{"embeddable":true,"href":"https:\/\/inspireglobal.travel\/de\/wp-json\/wp\/v2\/comments?post=4933"}],"version-history":[{"count":0,"href":"https:\/\/inspireglobal.travel\/de\/wp-json\/wp\/v2\/pages\/4933\/revisions"}],"wp:attachment":[{"href":"https:\/\/inspireglobal.travel\/de\/wp-json\/wp\/v2\/media?parent=4933"}],"curies":[{"name":"wp","href":"https:\/\/api.w.org\/{rel}","templated":true}]}}