{"id":4933,"date":"2021-04-06T15:22:05","date_gmt":"2021-04-06T14:22:05","guid":{"rendered":"https:\/\/inspireafrica.travel\/?page_id=4933"},"modified":"2024-08-14T11:40:37","modified_gmt":"2024-08-14T10:40:37","slug":"politica-de-cookies","status":"publish","type":"page","link":"https:\/\/inspireglobal.travel\/es\/cookie-policy\/","title":{"rendered":"Pol\u00edtica de cookies"},"content":{"rendered":"<div data-elementor-type=\"wp-page\" data-elementor-id=\"4933\" class=\"elementor elementor-4933\">\n\t\t\t\t\t\t<section class=\"elementor-section elementor-top-section elementor-element elementor-element-00b01cd elementor-section-boxed elementor-section-height-default elementor-section-height-default exad-glass-effect-no exad-sticky-section-no\" data-id=\"00b01cd\" data-element_type=\"section\" data-e-type=\"section\">\n\t\t\t\t\t\t<div class=\"elementor-container elementor-column-gap-default\">\n\t\t\t\t\t<div class=\"elementor-column elementor-col-100 elementor-top-column elementor-element elementor-element-adc5035 exad-glass-effect-no exad-sticky-section-no\" data-id=\"adc5035\" data-element_type=\"column\" data-e-type=\"column\">\n\t\t\t<div class=\"elementor-widget-wrap elementor-element-populated\">\n\t\t\t\t\t\t<div class=\"elementor-element elementor-element-5a58991 exad-sticky-section-no exad-glass-effect-no elementor-widget elementor-widget-heading\" data-id=\"5a58991\" data-element_type=\"widget\" data-e-type=\"widget\" data-widget_type=\"heading.default\">\n\t\t\t\t<div class=\"elementor-widget-container\">\n\t\t\t\t\t<h2 class=\"elementor-heading-title elementor-size-default\">Pol\u00edtica de cookies<\/h2>\t\t\t\t<\/div>\n\t\t\t\t<\/div>\n\t\t\t\t<div class=\"elementor-element elementor-element-7f86ffa exad-sticky-section-no exad-glass-effect-no elementor-widget elementor-widget-text-editor\" data-id=\"7f86ffa\" data-element_type=\"widget\" data-e-type=\"widget\" data-widget_type=\"text-editor.default\">\n\t\t\t\t<div class=\"elementor-widget-container\">\n\t\t\t\t\t\t\t\t\t<p><span style=\"font-size: 20px;\">Esta Pol\u00edtica de Cookies establece la base sobre la cual nosotros, Inspire Global, utilizamos cookies y tecnolog\u00edas similares en nuestro sitio web, https:\/\/inspireglobal.travel (nuestro sitio web).<\/span><\/p><p>Es posible que actualicemos esta Pol\u00edtica de cookies de vez en cuando para mantenerlo completamente informado sobre nuestras \u00faltimas pr\u00e1cticas relacionadas con cookies y tecnolog\u00edas similares de recopilaci\u00f3n de informaci\u00f3n en nuestro sitio web. Debe consultar esta Pol\u00edtica de cookies cada vez que visite nuestro sitio web para saber si nuestro uso de cookies y tecnolog\u00edas similares ha cambiado. Esta Pol\u00edtica de Cookies entra en vigor a partir del 04\/01\/2021.<\/p><p>Le recomendamos que imprima una copia de esta Pol\u00edtica de cookies para sus registros.<\/p><p><strong>CONTENIDO<\/strong><\/p><ul><li>Acerca de las cookies<\/li><li>Tipos de cookies utilizadas<br \/>\u2013 Galletas esenciales<br \/>\u2013 Cookies funcionales<br \/>\u2013 Cookies anal\u00edticas o de rendimiento<br \/>\u2013 Cookies de terceros<br \/>\u2013 Balizas web<\/li><li>C\u00f3mo aceptar o rechazar las cookies<\/li><li>Copyright, cr\u00e9dito y logo<\/li><\/ul><p><span style=\"font-size: 20px;\"><b>ACERCA DE LAS COOKIES<br \/><\/b><\/span><span style=\"font-size: 20px;\">Las cookies son archivos de datos que se env\u00edan entre los servidores web y los navegadores web, la memoria del procesador o los discos duros (clientes) para reconocer el dispositivo de un usuario en particular cuando el usuario accede a un sitio web. Se utilizan para una variedad de prop\u00f3sitos diferentes, como personalizar un sitio web para un usuario en particular, ayudar a un usuario a navegar por un sitio web, mejorar la experiencia del usuario en el sitio web y almacenar las preferencias y la informaci\u00f3n de inicio de sesi\u00f3n de ese usuario.<\/span><\/p><p>Las cookies se pueden clasificar como cookies de &#039;sesi\u00f3n&#039; o &#039;persistentes&#039;. Las cookies de sesi\u00f3n se colocan en su navegador cuando accede a un sitio web y duran mientras mantenga abierto su navegador. Caducan cuando cierra su navegador.<\/p><p>Las cookies persistentes se colocan en su computadora cuando accede a un sitio web y caducan en un momento determinado o si las elimina manualmente de su navegador, lo que ocurra primero.<\/p><p>Las cookies ser\u00e1n configuradas por el dominio de nuestro sitio web o por dominios de terceros en nuestro nombre. Las cookies establecidas por nosotros en el dominio de nuestro sitio web se denominan cookies de &quot;primera parte&quot;. Las cookies establecidas por dominios de terceros o establecidas en o a trav\u00e9s del dominio de nuestro sitio web en nombre de terceros se denominan cookies de &quot;terceros&quot;.<\/p><p>Las cookies no suelen contener informaci\u00f3n personal. Sin embargo, las cookies pueden usarse en combinaci\u00f3n con otra informaci\u00f3n para identificarlo.<\/p><p>Utilizamos cookies propias en nuestro sitio web, y cookies persistentes y de sesi\u00f3n.<\/p><p>Si necesita m\u00e1s informaci\u00f3n sobre las cookies en general, visite <a href=\"http:\/\/www.allaboutcookies.org\/\">www.allaboutcookies.org<\/a><\/p><p><b>TIPOS DE COOKIES UTILIZADAS<br \/><\/b><span style=\"font-size: 20px;\">Utilizamos los siguientes tipos de cookies en nuestro sitio web:<\/span><\/p><p><u>Galletas esenciales<br \/><\/u><span style=\"font-size: 20px;\">Estas son cookies que son necesarias para que podamos ejecutar nuestro sitio web y sus funciones esenciales. Utilizamos cookies esenciales para los siguientes prop\u00f3sitos en nuestro sitio web:<\/span><\/p><ul><li>para administrar nuestro sitio web.<\/li><li>para garantizar que nuestro sitio web funcione correctamente cuando interact\u00fae con \u00e9l.<\/li><li>para iniciar sesi\u00f3n en \u00e1reas protegidas con contrase\u00f1a o acceder a otras \u00e1reas seguras de nuestro sitio web.<\/li><\/ul><p><u>Cookies funcionales<br \/><\/u><span style=\"font-size: 20px;\">Estas son cookies que almacenan informaci\u00f3n sobre sus preferencias y sus interacciones anteriores con nuestro sitio web, y lo reconocen cada vez que regresa a un sitio web, para mejorar su experiencia en el sitio web y personalizarlo para usted. Utilizamos cookies funcionales para los siguientes prop\u00f3sitos en nuestro sitio web:<\/span><\/p><ul><li>para reconocerlo cuando regrese a nuestro sitio web.<\/li><li>para mejorar su experiencia en nuestro sitio web.<\/li><li>para reconocer si ha aceptado el uso de cookies en nuestro sitio web.<\/li><li>para reconocer el tipo de dispositivo de navegaci\u00f3n que est\u00e1 utilizando, incluido su navegador y la configuraci\u00f3n del navegador, con el fin de mostrarle nuestro sitio web en un formato apropiado.<\/li><li>con el fin de proporcionar nuestro servicio de consulta de formulario de contacto.<\/li><\/ul><p><u>Cookies anal\u00edticas o de rendimiento<br \/><\/u><span style=\"font-size: 20px;\">Las cookies anal\u00edticas rastrean y recopilan datos sobre lo que hace un usuario en un sitio web. Utilizamos cookies anal\u00edticas para los siguientes prop\u00f3sitos en nuestro sitio web:<\/span><\/p><ul><li>para analizar el acceso y uso de los usuarios de nuestro sitio web y sus caracter\u00edsticas.<\/li><li>para mejorar nuestro sitio web, incluida su usabilidad, funcionalidad, contenido y experiencia del usuario.<\/li><\/ul><p>La informaci\u00f3n que recopilamos mediante cookies anal\u00edticas se recopila de forma an\u00f3nima.<\/p><p><u>Galletas de primera parte<br \/><\/u><span style=\"font-size: 20px;\">Las cookies de origen utilizadas en relaci\u00f3n con nuestro sitio web incluyen:<\/span><\/p><table width=\"900\"><thead><tr><td><p><strong>Galleta<\/strong><\/p><\/td><td><p><strong>Nombre de la galleta<\/strong><\/p><\/td><td><p><strong>Objetivo<\/strong><\/p><\/td><td><p><strong>M\u00e1s informaci\u00f3n<\/strong><\/p><\/td><\/tr><\/thead><tbody><tr><td><p>Cookie de sesi\u00f3n<\/p><\/td><td><p>PHPSESSID<\/p><\/td><td><p>Esta cookie de sesi\u00f3n es esencial para la identificaci\u00f3n de un usuario en nuestro sitio web. Esta cookie se elimina al cerrar el navegador.<\/p><\/td><td>.<\/td><\/tr><tr><td><p>Google analitico<\/p><\/td><td>.<\/td><td><p>Estas cookies se utilizan para recopilar informaci\u00f3n sobre c\u00f3mo los visitantes usan nuestro sitio. Usamos la informaci\u00f3n para compilar informes y ayudarnos a mejorar el sitio. Las cookies recopilan informaci\u00f3n de forma an\u00f3nima, incluido el n\u00famero de visitantes del sitio, de d\u00f3nde han llegado los visitantes al sitio y las p\u00e1ginas que visitaron.<\/p><\/td><td><p><a href=\"https:\/\/developers.google.com\/analytics\/devguides\/collection\/analyticsjs\/cookie-usage\">Uso de cookies de Google Analytics en sitios web (incluye una lista de cookies utilizadas)<\/a><br \/><a href=\"https:\/\/policies.google.com\/technologies\/types\">Tipos de cookies que utiliza Google<\/a><\/p><\/td><\/tr><\/tbody><\/table><p><u>Cookies de terceros<br \/><\/u><span style=\"font-size: 20px;\">Los terceros pueden usar cookies en, a trav\u00e9s o en relaci\u00f3n con nuestro sitio web para analizar su uso de nuestro sitio web y\/o para mostrarle anuncios (incluidos anuncios de terceros) y para el seguimiento de conversi\u00f3n de anuncios como Google AdWords, si se usa. . .<\/span><\/p><p>Las cookies de terceros utilizadas en relaci\u00f3n con nuestro sitio web incluyen:<\/p><p>No podemos ser responsables de las formas en que los terceros utilizan la informaci\u00f3n sobre usted que recopilan a partir del uso de cookies.<\/p><p><u>balizas web<br \/><\/u><span style=\"font-size: 20px;\">Nosotros y cualquier empresa de marketing que utilizamos tambi\u00e9n incrustamos balizas web en nuestros correos electr\u00f3nicos de marketing y en nuestro sitio web. Las balizas web son peque\u00f1os archivos de imagen GIF que nos permiten rastrear la recepci\u00f3n de nuestros correos electr\u00f3nicos de marketing, la frecuencia con la que ve nuestros anuncios o p\u00e1ginas del sitio web, su ubicaci\u00f3n, direcci\u00f3n IP e informaci\u00f3n del navegador. Las balizas web se activan cada vez que abre un correo electr\u00f3nico de marketing o accede a una p\u00e1gina de nuestro sitio web que contiene una baliza web. Los web beacons transmiten datos cuando los ve, pero no pueden acceder a ninguna otra informaci\u00f3n en su computadora. Las balizas web no se almacenan en su disco duro a menos que descargue una imagen GIF que las contenga. Algunos navegadores (pero no todos) le permiten restringir el uso de balizas web al evitar que env\u00eden informaci\u00f3n a su fuente (por ejemplo, cuando elige la configuraci\u00f3n del navegador que bloquea las cookies y los rastreadores), o al no acceder a las im\u00e1genes que contienen (por ejemplo, si selecciona la configuraci\u00f3n &#039;no mostrar im\u00e1genes (en correos electr\u00f3nicos)&#039; en su servidor de correo electr\u00f3nico).<\/span><\/p><p><b>C\u00d3MO ACEPTAR O RECHAZAR LAS COOKIES<br \/><\/b><span style=\"font-size: 20px;\">La forma m\u00e1s f\u00e1cil de aceptar o rechazar algunas o todas las cookies utilizadas por un sitio web es ajustar la configuraci\u00f3n de su navegador. Si no sabe c\u00f3mo hacerlo, los enlaces a continuaci\u00f3n contienen informaci\u00f3n sobre c\u00f3mo cambiar la configuraci\u00f3n de su navegador para algunos de los navegadores web m\u00e1s utilizados:<\/span><\/p><ul><li>Google Chrome: <a href=\"https:\/\/support.google.com\/chrome\/answer\/95647?hl=en-GB\">https:\/\/support.google.com\/chrome\/answer\/95647?hl=en-GB<\/a><\/li><li>Mozilla Firefox: <a href=\"https:\/\/support.mozilla.org\/en-US\/kb\/delete-browsing-search-download-history-firefox?redirectlocale=en-US&amp;redirectslug=Clear+Recent+History\">https:\/\/support.mozilla.org\/en-US\/kb\/delete-browsing-search-download-history-firefox?redirectlocale=en-US&amp;redirectslug=Clear+Recent+History<\/a><\/li><li>Microsoft Internet Explorer: <a href=\"https:\/\/support.microsoft.com\/en-us\/help\/278835\/how-to-delete-cookie-files-in-internet-explorer\">https:\/\/support.microsoft.com\/en-us\/help\/278835\/how-to-delete-cookie-files-in-internet-explorer<\/a><\/li><li>Apple Safari: <a href=\"https:\/\/support.apple.com\/kb\/PH5042?locale=en_US\">https:\/\/support.apple.com\/kb\/PH5042?locale=en_US<\/a><\/li><\/ul><p>Algunos navegadores, como Chrome y Firefox, le permiten cambiar su configuraci\u00f3n para navegar en modo &#039;inc\u00f3gnito&#039;, limitando la cantidad de datos colocados en su m\u00e1quina y eliminando autom\u00e1ticamente cualquier cookie persistente colocada en su dispositivo cuando finaliza su sesi\u00f3n de navegaci\u00f3n. Tambi\u00e9n existen aplicaciones de terceros que puede agregar a su navegador para bloquear o administrar las cookies.<\/p><p>Puede optar por no participar en el seguimiento de Google Analytics visitando: <a href=\"http:\/\/tools.google.com\/dlpage\/gaoptout\">http:\/\/tools.google.com\/dlpage\/gaoptout<\/a><\/p><p>Puede bloquear el uso de algunas o todas las cookies que utilizamos en nuestro sitio web. Sin embargo, tenga en cuenta que hacerlo puede da\u00f1ar nuestro sitio web y su funcionalidad o incluso puede dejar inutilizable una parte o la totalidad.<\/p><p>Puede encontrar informaci\u00f3n m\u00e1s detallada sobre las cookies y ajustar la configuraci\u00f3n de su navegador visitando:<a href=\"http:\/\/www.allaboutcookies.org\/\"> www.allaboutcookies.org<\/a><\/p><p><b>DERECHOS DE AUTOR, CR\u00c9DITO Y LOGOTIPO<br \/><\/b><span style=\"font-size: 20px;\">Esta Pol\u00edtica de cookies se basa en una plantilla compatible con el Reglamento general de protecci\u00f3n de datos (Reglamento (UE) 2016\/769) proporcionada por la Pol\u00edtica de privacidad de GDPR. Para obtener m\u00e1s informaci\u00f3n, visite: <\/span><a style=\"font-size: 20px; background-color: #f3f3f3;\" href=\"https:\/\/gdprprivacypolicy.org\/\">https:\/\/gdprprivacypolicy.org<\/a><\/p><p>Los derechos de autor de esta Pol\u00edtica de cookies son de nuestra propiedad o est\u00e1n autorizados por nosotros y est\u00e1n protegidos por las leyes de derechos de autor de todo el mundo y el software de protecci\u00f3n de derechos de autor. Todos los derechos de propiedad intelectual de este documento est\u00e1n reservados. Cuando mostramos el logotipo de la Pol\u00edtica de privacidad de GDPR en nuestro sitio web, esto se utiliza para indicar que hemos adoptado una plantilla de pol\u00edtica de privacidad proporcionada por la Pol\u00edtica de privacidad de GDPR como base para esta Pol\u00edtica de privacidad.<\/p>\t\t\t\t\t\t\t\t<\/div>\n\t\t\t\t<\/div>\n\t\t\t\t\t<\/div>\n\t\t<\/div>\n\t\t\t\t\t<\/div>\n\t\t<\/section>\n\t\t\t\t<\/div>","protected":false},"excerpt":{"rendered":"<p>Cookie Policy This Cookies Policy sets out the basis on which we, Inspire Global, use cookies and similar technologies on our website, https:\/\/inspireglobal.travel (our website). [&hellip;]<\/p>\n","protected":false},"author":3,"featured_media":0,"parent":0,"menu_order":0,"comment_status":"closed","ping_status":"closed","template":"","meta":{"site-sidebar-layout":"no-sidebar","site-content-layout":"page-builder","ast-site-content-layout":"default","site-content-style":"default","site-sidebar-style":"default","ast-global-header-display":"","ast-banner-title-visibility":"","ast-main-header-display":"","ast-hfb-above-header-display":"","ast-hfb-below-header-display":"","ast-hfb-mobile-header-display":"","site-post-title":"disabled","ast-breadcrumbs-content":"","ast-featured-img":"disabled","footer-sml-layout":"","ast-disable-related-posts":"","theme-transparent-header-meta":"default","adv-header-id-meta":"","stick-header-meta":"default","header-above-stick-meta":"","header-main-stick-meta":"","header-below-stick-meta":"","astra-migrate-meta-layouts":"default","ast-page-background-enabled":"default","ast-page-background-meta":{"desktop":{"background-color":"","background-image":"","background-repeat":"repeat","background-position":"center center","background-size":"auto","background-attachment":"scroll","background-type":"","background-media":"","overlay-type":"","overlay-color":"","overlay-opacity":"","overlay-gradient":""},"tablet":{"background-color":"","background-image":"","background-repeat":"repeat","background-position":"center center","background-size":"auto","background-attachment":"scroll","background-type":"","background-media":"","overlay-type":"","overlay-color":"","overlay-opacity":"","overlay-gradient":""},"mobile":{"background-color":"","background-image":"","background-repeat":"repeat","background-position":"center center","background-size":"auto","background-attachment":"scroll","background-type":"","background-media":"","overlay-type":"","overlay-color":"","overlay-opacity":"","overlay-gradient":""}},"ast-content-background-meta":{"desktop":{"background-color":"var(--ast-global-color-5)","background-image":"","background-repeat":"repeat","background-position":"center center","background-size":"auto","background-attachment":"scroll","background-type":"","background-media":"","overlay-type":"","overlay-color":"","overlay-opacity":"","overlay-gradient":""},"tablet":{"background-color":"var(--ast-global-color-5)","background-image":"","background-repeat":"repeat","background-position":"center center","background-size":"auto","background-attachment":"scroll","background-type":"","background-media":"","overlay-type":"","overlay-color":"","overlay-opacity":"","overlay-gradient":""},"mobile":{"background-color":"var(--ast-global-color-5)","background-image":"","background-repeat":"repeat","background-position":"center center","background-size":"auto","background-attachment":"scroll","background-type":"","background-media":"","overlay-type":"","overlay-color":"","overlay-opacity":"","overlay-gradient":""}},"footnotes":""},"class_list":["post-4933","page","type-page","status-publish","hentry"],"yoast_head":"<!-- This site is optimized with the Yoast SEO plugin v27.4 - https:\/\/yoast.com\/product\/yoast-seo-wordpress\/ -->\n<title>Cookie Policy - Inspire Global<\/title>\n<meta name=\"robots\" content=\"index, follow, max-snippet:-1, max-image-preview:large, max-video-preview:-1\" \/>\n<link rel=\"canonical\" href=\"https:\/\/inspireglobal.travel\/es\/politica-de-cookies\/\" \/>\n<meta property=\"og:locale\" content=\"es_ES\" \/>\n<meta property=\"og:type\" content=\"article\" \/>\n<meta property=\"og:title\" content=\"Cookie Policy - Inspire Global\" \/>\n<meta property=\"og:description\" content=\"Cookie Policy This Cookies Policy sets out the basis on which we, Inspire Global, use cookies and similar technologies on our website, https:\/\/inspireglobal.travel (our website). [&hellip;]\" \/>\n<meta property=\"og:url\" content=\"https:\/\/inspireglobal.travel\/es\/politica-de-cookies\/\" \/>\n<meta property=\"og:site_name\" content=\"Inspire Global\" \/>\n<meta property=\"article:publisher\" content=\"https:\/\/www.facebook.com\/Inspire-Global-Travel-173870614311417\/\" \/>\n<meta property=\"article:modified_time\" content=\"2024-08-14T10:40:37+00:00\" \/>\n<meta name=\"twitter:card\" content=\"summary_large_image\" \/>\n<meta name=\"twitter:site\" content=\"@Inspire__Global\" \/>\n<meta name=\"twitter:label1\" content=\"Tiempo de lectura\" \/>\n\t<meta name=\"twitter:data1\" content=\"6 minutos\" \/>\n<script type=\"application\/ld+json\" class=\"yoast-schema-graph\">{\"@context\":\"https:\\\/\\\/schema.org\",\"@graph\":[{\"@type\":\"WebPage\",\"@id\":\"https:\\\/\\\/inspireglobal.travel\\\/pt\\\/politica-de-cookies\\\/\",\"url\":\"https:\\\/\\\/inspireglobal.travel\\\/pt\\\/politica-de-cookies\\\/\",\"name\":\"Cookie Policy - Inspire Global\",\"isPartOf\":{\"@id\":\"https:\\\/\\\/inspireglobal.travel\\\/#website\"},\"datePublished\":\"2021-04-06T14:22:05+00:00\",\"dateModified\":\"2024-08-14T10:40:37+00:00\",\"breadcrumb\":{\"@id\":\"https:\\\/\\\/inspireglobal.travel\\\/pt\\\/politica-de-cookies\\\/#breadcrumb\"},\"inLanguage\":\"es\",\"potentialAction\":[{\"@type\":\"ReadAction\",\"target\":[\"https:\\\/\\\/inspireglobal.travel\\\/pt\\\/politica-de-cookies\\\/\"]}]},{\"@type\":\"BreadcrumbList\",\"@id\":\"https:\\\/\\\/inspireglobal.travel\\\/pt\\\/politica-de-cookies\\\/#breadcrumb\",\"itemListElement\":[{\"@type\":\"ListItem\",\"position\":1,\"name\":\"Home\",\"item\":\"https:\\\/\\\/inspireglobal.travel\\\/\"},{\"@type\":\"ListItem\",\"position\":2,\"name\":\"Cookie Policy\"}]},{\"@type\":\"WebSite\",\"@id\":\"https:\\\/\\\/inspireglobal.travel\\\/#website\",\"url\":\"https:\\\/\\\/inspireglobal.travel\\\/\",\"name\":\"Inspire Global\",\"description\":\"A mission-driven member community championing positive impact tourism\",\"publisher\":{\"@id\":\"https:\\\/\\\/inspireglobal.travel\\\/#organization\"},\"potentialAction\":[{\"@type\":\"SearchAction\",\"target\":{\"@type\":\"EntryPoint\",\"urlTemplate\":\"https:\\\/\\\/inspireglobal.travel\\\/?s={search_term_string}\"},\"query-input\":{\"@type\":\"PropertyValueSpecification\",\"valueRequired\":true,\"valueName\":\"search_term_string\"}}],\"inLanguage\":\"es\"},{\"@type\":\"Organization\",\"@id\":\"https:\\\/\\\/inspireglobal.travel\\\/#organization\",\"name\":\"Inspire Global\",\"url\":\"https:\\\/\\\/inspireglobal.travel\\\/\",\"logo\":{\"@type\":\"ImageObject\",\"inLanguage\":\"es\",\"@id\":\"https:\\\/\\\/inspireglobal.travel\\\/#\\\/schema\\\/logo\\\/image\\\/\",\"url\":\"https:\\\/\\\/inspireglobal.travel\\\/wp-content\\\/uploads\\\/2019\\\/12\\\/inspire-global-logo-01.png\",\"contentUrl\":\"https:\\\/\\\/inspireglobal.travel\\\/wp-content\\\/uploads\\\/2019\\\/12\\\/inspire-global-logo-01.png\",\"width\":1321,\"height\":566,\"caption\":\"Inspire Global\"},\"image\":{\"@id\":\"https:\\\/\\\/inspireglobal.travel\\\/#\\\/schema\\\/logo\\\/image\\\/\"},\"sameAs\":[\"https:\\\/\\\/www.facebook.com\\\/Inspire-Global-Travel-173870614311417\\\/\",\"https:\\\/\\\/x.com\\\/Inspire__Global\",\"https:\\\/\\\/www.instagram.com\\\/inspire_global_travel\\\/\",\"https:\\\/\\\/www.linkedin.com\\\/company\\\/inspire-globaltravel\\\/\"]}]}<\/script>\n<!-- \/ Yoast SEO plugin. -->","yoast_head_json":{"title":"Pol\u00edtica de cookies - Inspire Global","robots":{"index":"index","follow":"follow","max-snippet":"max-snippet:-1","max-image-preview":"max-image-preview:large","max-video-preview":"max-video-preview:-1"},"canonical":"https:\/\/inspireglobal.travel\/es\/politica-de-cookies\/","og_locale":"es_ES","og_type":"article","og_title":"Cookie Policy - Inspire Global","og_description":"Cookie Policy This Cookies Policy sets out the basis on which we, Inspire Global, use cookies and similar technologies on our website, https:\/\/inspireglobal.travel (our website). [&hellip;]","og_url":"https:\/\/inspireglobal.travel\/es\/politica-de-cookies\/","og_site_name":"Inspire Global","article_publisher":"https:\/\/www.facebook.com\/Inspire-Global-Travel-173870614311417\/","article_modified_time":"2024-08-14T10:40:37+00:00","twitter_card":"summary_large_image","twitter_site":"@Inspire__Global","twitter_misc":{"Tiempo de lectura":"6 minutos"},"schema":{"@context":"https:\/\/schema.org","@graph":[{"@type":"WebPage","@id":"https:\/\/inspireglobal.travel\/pt\/politica-de-cookies\/","url":"https:\/\/inspireglobal.travel\/pt\/politica-de-cookies\/","name":"Pol\u00edtica de cookies - Inspire Global","isPartOf":{"@id":"https:\/\/inspireglobal.travel\/#website"},"datePublished":"2021-04-06T14:22:05+00:00","dateModified":"2024-08-14T10:40:37+00:00","breadcrumb":{"@id":"https:\/\/inspireglobal.travel\/pt\/politica-de-cookies\/#breadcrumb"},"inLanguage":"es","potentialAction":[{"@type":"ReadAction","target":["https:\/\/inspireglobal.travel\/pt\/politica-de-cookies\/"]}]},{"@type":"BreadcrumbList","@id":"https:\/\/inspireglobal.travel\/pt\/politica-de-cookies\/#breadcrumb","itemListElement":[{"@type":"ListItem","position":1,"name":"Home","item":"https:\/\/inspireglobal.travel\/"},{"@type":"ListItem","position":2,"name":"Cookie Policy"}]},{"@type":"WebSite","@id":"https:\/\/inspireglobal.travel\/#website","url":"https:\/\/inspireglobal.travel\/","name":"inspirar global","description":"A mission-driven member community championing positive impact tourism","publisher":{"@id":"https:\/\/inspireglobal.travel\/#organization"},"potentialAction":[{"@type":"SearchAction","target":{"@type":"EntryPoint","urlTemplate":"https:\/\/inspireglobal.travel\/?s={search_term_string}"},"query-input":{"@type":"PropertyValueSpecification","valueRequired":true,"valueName":"search_term_string"}}],"inLanguage":"es"},{"@type":"Organization","@id":"https:\/\/inspireglobal.travel\/#organization","name":"inspirar global","url":"https:\/\/inspireglobal.travel\/","logo":{"@type":"ImageObject","inLanguage":"es","@id":"https:\/\/inspireglobal.travel\/#\/schema\/logo\/image\/","url":"https:\/\/inspireglobal.travel\/wp-content\/uploads\/2019\/12\/inspire-global-logo-01.png","contentUrl":"https:\/\/inspireglobal.travel\/wp-content\/uploads\/2019\/12\/inspire-global-logo-01.png","width":1321,"height":566,"caption":"Inspire Global"},"image":{"@id":"https:\/\/inspireglobal.travel\/#\/schema\/logo\/image\/"},"sameAs":["https:\/\/www.facebook.com\/Inspire-Global-Travel-173870614311417\/","https:\/\/x.com\/Inspire__Global","https:\/\/www.instagram.com\/inspire_global_travel\/","https:\/\/www.linkedin.com\/company\/inspire-globaltravel\/"]}]}},"_links":{"self":[{"href":"https:\/\/inspireglobal.travel\/es\/wp-json\/wp\/v2\/pages\/4933","targetHints":{"allow":["GET"]}}],"collection":[{"href":"https:\/\/inspireglobal.travel\/es\/wp-json\/wp\/v2\/pages"}],"about":[{"href":"https:\/\/inspireglobal.travel\/es\/wp-json\/wp\/v2\/types\/page"}],"author":[{"embeddable":true,"href":"https:\/\/inspireglobal.travel\/es\/wp-json\/wp\/v2\/users\/3"}],"replies":[{"embeddable":true,"href":"https:\/\/inspireglobal.travel\/es\/wp-json\/wp\/v2\/comments?post=4933"}],"version-history":[{"count":0,"href":"https:\/\/inspireglobal.travel\/es\/wp-json\/wp\/v2\/pages\/4933\/revisions"}],"wp:attachment":[{"href":"https:\/\/inspireglobal.travel\/es\/wp-json\/wp\/v2\/media?parent=4933"}],"curies":[{"name":"wp","href":"https:\/\/api.w.org\/{rel}","templated":true}]}}