{"id":4933,"date":"2021-04-06T15:22:05","date_gmt":"2021-04-06T14:22:05","guid":{"rendered":"https:\/\/inspireafrica.travel\/?page_id=4933"},"modified":"2024-08-14T11:40:37","modified_gmt":"2024-08-14T10:40:37","slug":"cookie-policy","status":"publish","type":"page","link":"https:\/\/inspireglobal.travel\/fr\/cookie-policy\/","title":{"rendered":"Politique relative aux cookies"},"content":{"rendered":"<div data-elementor-type=\"wp-page\" data-elementor-id=\"4933\" class=\"elementor elementor-4933\">\n\t\t\t\t\t\t<section class=\"elementor-section elementor-top-section elementor-element elementor-element-00b01cd elementor-section-boxed elementor-section-height-default elementor-section-height-default exad-glass-effect-no exad-sticky-section-no\" data-id=\"00b01cd\" data-element_type=\"section\" data-e-type=\"section\">\n\t\t\t\t\t\t<div class=\"elementor-container elementor-column-gap-default\">\n\t\t\t\t\t<div class=\"elementor-column elementor-col-100 elementor-top-column elementor-element elementor-element-adc5035 exad-glass-effect-no exad-sticky-section-no\" data-id=\"adc5035\" data-element_type=\"column\" data-e-type=\"column\">\n\t\t\t<div class=\"elementor-widget-wrap elementor-element-populated\">\n\t\t\t\t\t\t<div class=\"elementor-element elementor-element-5a58991 exad-sticky-section-no exad-glass-effect-no elementor-widget elementor-widget-heading\" data-id=\"5a58991\" data-element_type=\"widget\" data-e-type=\"widget\" data-widget_type=\"heading.default\">\n\t\t\t\t<div class=\"elementor-widget-container\">\n\t\t\t\t\t<h2 class=\"elementor-heading-title elementor-size-default\">Politique relative aux cookies<\/h2>\t\t\t\t<\/div>\n\t\t\t\t<\/div>\n\t\t\t\t<div class=\"elementor-element elementor-element-7f86ffa exad-sticky-section-no exad-glass-effect-no elementor-widget elementor-widget-text-editor\" data-id=\"7f86ffa\" data-element_type=\"widget\" data-e-type=\"widget\" data-widget_type=\"text-editor.default\">\n\t\t\t\t<div class=\"elementor-widget-container\">\n\t\t\t\t\t\t\t\t\t<p><span style=\"font-size: 20px;\">Cette politique relative aux cookies d\u00e9finit la base sur laquelle nous, Inspire Global, utilisons des cookies et des technologies similaires sur notre site Web, https:\/\/inspireglobal.travel (notre site Web).<\/span><\/p><p>Nous pouvons mettre \u00e0 jour cette politique de cookies de temps \u00e0 autre afin de vous tenir pleinement inform\u00e9 de nos derni\u00e8res pratiques concernant les cookies et les technologies de collecte d&#039;informations similaires sur notre site Web. Vous devez v\u00e9rifier cette politique de cookies chaque fois que vous visitez notre site Web afin de savoir si notre utilisation des cookies et des technologies similaires a chang\u00e9. Cette politique de cookies est effective \u00e0 partir du 01\/04\/2021.<\/p><p>Nous vous recommandons d&#039;imprimer une copie de cette politique de cookies pour vos archives.<\/p><p><strong>CONTENU<\/strong><\/p><ul><li>\u00c0 propos des cookies<\/li><li>Types de cookies utilis\u00e9s<br \/>\u2013 Cookies essentiels<br \/>\u2013 Cookies fonctionnels<br \/>\u2013 Cookies analytiques ou de performance<br \/>\u2013 Cookies tiers<br \/>\u2013 Balises Web<\/li><li>Comment accepter ou refuser les cookies<\/li><li>Copyright, cr\u00e9dit et logo<\/li><\/ul><p><span style=\"font-size: 20px;\"><b>\u00c0 PROPOS DES COOKIES<br \/><\/b><\/span><span style=\"font-size: 20px;\">Les cookies sont des fichiers de donn\u00e9es qui sont envoy\u00e9s entre les serveurs Web et les navigateurs Web, la m\u00e9moire du processeur ou les disques durs (clients) pour reconna\u00eetre l&#039;appareil d&#039;un utilisateur particulier lorsque l&#039;utilisateur acc\u00e8de \u00e0 un site Web. Ils sont utilis\u00e9s \u00e0 diverses fins, telles que la personnalisation d&#039;un site Web pour un utilisateur particulier, l&#039;aide \u00e0 la navigation d&#039;un site Web, l&#039;am\u00e9lioration de l&#039;exp\u00e9rience du site Web de cet utilisateur et le stockage des pr\u00e9f\u00e9rences et des informations de connexion de cet utilisateur.<\/span><\/p><p>Les cookies peuvent \u00eatre class\u00e9s comme cookies de \u00ab\u00a0session\u00a0\u00bb ou \u00ab\u00a0persistants\u00a0\u00bb. Les cookies de session sont plac\u00e9s sur votre navigateur lorsque vous acc\u00e9dez \u00e0 un site Web et durent aussi longtemps que vous gardez votre navigateur ouvert. Ils expirent lorsque vous fermez votre navigateur.<\/p><p>Les cookies persistants sont plac\u00e9s sur votre ordinateur lorsque vous acc\u00e9dez \u00e0 un site Web et expirent \u00e0 un moment pr\u00e9cis ou si vous les supprimez manuellement de votre navigateur, selon la premi\u00e8re \u00e9ventualit\u00e9.<\/p><p>Les cookies seront d\u00e9finis soit par le domaine de notre site Web, soit par des domaines tiers en notre nom. Les cookies que nous installons sur le domaine de notre site Web sont appel\u00e9s cookies \u00ab propri\u00e9taires \u00bb. Les cookies d\u00e9finis par des domaines tiers ou d\u00e9finis sur ou via le domaine de notre site Web pour le compte de tiers sont appel\u00e9s cookies &quot;tiers&quot;.<\/p><p>Les cookies ne contiennent g\u00e9n\u00e9ralement pas d&#039;informations personnelles. Les cookies peuvent cependant \u00eatre utilis\u00e9s en combinaison avec d&#039;autres informations pour vous identifier.<\/p><p>Nous utilisons des cookies internes sur notre site Web, ainsi que des cookies de session et persistants.<\/p><p>Si vous avez besoin de plus d&#039;informations sur les cookies en g\u00e9n\u00e9ral, veuillez visiter <a href=\"http:\/\/www.allaboutcookies.org\/\">www.allaboutcookies.org<\/a><\/p><p><b>TYPES DE COOKIES UTILIS\u00c9S<br \/><\/b><span style=\"font-size: 20px;\">Nous utilisons les types de cookies suivants sur notre site Web :<\/span><\/p><p><u>Cookies essentiels<br \/><\/u><span style=\"font-size: 20px;\">Il s&#039;agit de cookies qui nous sont n\u00e9cessaires pour faire fonctionner notre site Web et ses fonctions essentielles. Nous utilisons des cookies essentiels aux fins suivantes sur notre site Web :<\/span><\/p><ul><li>pour administrer notre site Web.<\/li><li>pour assurer le bon fonctionnement de notre site Web lorsque vous interagissez avec lui.<\/li><li>pour vous connecter \u00e0 des zones prot\u00e9g\u00e9es par mot de passe ou acc\u00e9der \u00e0 d&#039;autres zones s\u00e9curis\u00e9es de notre site Web.<\/li><\/ul><p><u>Cookies fonctionnels<br \/><\/u><span style=\"font-size: 20px;\">Ce sont des cookies qui stockent des informations sur vos pr\u00e9f\u00e9rences et vos interactions pr\u00e9c\u00e9dentes avec notre site Web, et vous reconnaissent chaque fois que vous revenez sur un site Web, afin d&#039;am\u00e9liorer votre exp\u00e9rience sur le site Web et de le personnaliser pour vous. Nous utilisons des cookies fonctionnels aux fins suivantes sur notre site Web :<\/span><\/p><ul><li>pour vous reconna\u00eetre lorsque vous revenez sur notre site Web.<\/li><li>pour am\u00e9liorer votre exp\u00e9rience de notre site Web.<\/li><li>pour savoir si vous avez accept\u00e9 l&#039;utilisation de cookies sur notre site Web.<\/li><li>reconna\u00eetre le type d&#039;appareil de navigation que vous utilisez, y compris votre navigateur et les param\u00e8tres de votre navigateur, dans le but de vous afficher notre site Web dans un format appropri\u00e9.<\/li><li>dans le but de fournir notre service de demande de formulaire de contact.<\/li><\/ul><p><u>Cookies analytiques ou de performance<br \/><\/u><span style=\"font-size: 20px;\">Les cookies analytiques suivent et collectent des donn\u00e9es sur ce qu&#039;un utilisateur fait sur un site Web. Nous utilisons des cookies analytiques aux fins suivantes sur notre site Web :<\/span><\/p><ul><li>pour analyser l&#039;acc\u00e8s et l&#039;utilisation de notre site Web et de ses fonctionnalit\u00e9s par les utilisateurs.<\/li><li>pour am\u00e9liorer notre site Web, y compris sa convivialit\u00e9, ses fonctionnalit\u00e9s, son contenu et son exp\u00e9rience utilisateur.<\/li><\/ul><p>Les informations que nous collectons \u00e0 l&#039;aide de cookies analytiques sont collect\u00e9es de mani\u00e8re anonyme.<\/p><p><u>Cookies internes<br \/><\/u><span style=\"font-size: 20px;\">Les cookies de premi\u00e8re partie utilis\u00e9s en relation avec notre site Web incluent\u00a0:<\/span><\/p><table width=\"900\"><thead><tr><td><p><strong>Biscuit<\/strong><\/p><\/td><td><p><strong>Nom du cookie<\/strong><\/p><\/td><td><p><strong>Objectif<\/strong><\/p><\/td><td><p><strong>Plus d&#039;informations<\/strong><\/p><\/td><\/tr><\/thead><tbody><tr><td><p>Cookie de session<\/p><\/td><td><p>PHPSESSID<\/p><\/td><td><p>Ce cookie de session est indispensable \u00e0 l&#039;identification d&#039;un utilisateur sur notre site Internet. Ce cookie est supprim\u00e9 lorsque vous fermez votre navigateur.<\/p><\/td><td>.<\/td><\/tr><tr><td><p>Google Analytics<\/p><\/td><td>.<\/td><td><p>Ces cookies sont utilis\u00e9s pour collecter des informations sur la fa\u00e7on dont les visiteurs utilisent notre site. Nous utilisons les informations pour compiler des rapports et pour nous aider \u00e0 am\u00e9liorer le site. Les cookies collectent des informations sous une forme anonyme, y compris le nombre de visiteurs sur le site, d&#039;o\u00f9 les visiteurs sont venus sur le site et les pages qu&#039;ils ont visit\u00e9es.<\/p><\/td><td><p><a href=\"https:\/\/developers.google.com\/analytics\/devguides\/collection\/analyticsjs\/cookie-usage\">Utilisation des cookies de Google Analytics sur les sites Web (inclut la liste des cookies utilis\u00e9s)<\/a><br \/><a href=\"https:\/\/policies.google.com\/technologies\/types\">Types de cookies utilis\u00e9s par Google<\/a><\/p><\/td><\/tr><\/tbody><\/table><p><u>Cookies tiers<br \/><\/u><span style=\"font-size: 20px;\">Des tiers peuvent utiliser des cookies sur, via ou en relation avec notre site Web afin d&#039;analyser votre utilisation de notre site Web et\/ou de vous afficher des publicit\u00e9s (y compris des publicit\u00e9s de tiers) et pour le suivi des conversions publicitaires telles que Google AdWords, le cas \u00e9ch\u00e9ant. . .<\/span><\/p><p>Les cookies tiers utilis\u00e9s en relation avec notre site Web incluent\u00a0:<\/p><p>Nous ne pouvons \u00eatre tenus responsables de la mani\u00e8re dont les tiers utilisent les informations vous concernant qu&#039;ils recueillent \u00e0 partir de leur utilisation des cookies.<\/p><p><u>Balises Web<br \/><\/u><span style=\"font-size: 20px;\">Nous et toutes les soci\u00e9t\u00e9s de marketing que nous utilisons int\u00e9grons \u00e9galement des balises Web dans nos e-mails marketing et sur notre site Web. Les balises Web sont de petits fichiers image GIF qui nous permettent de suivre votre r\u00e9ception de nos e-mails marketing, la fr\u00e9quence \u00e0 laquelle vous consultez nos publicit\u00e9s ou pages de site Web, votre emplacement, votre adresse IP et les informations de votre navigateur. Les balises Web sont activ\u00e9es chaque fois que vous ouvrez un e-mail marketing ou acc\u00e9dez \u00e0 une page de notre site Web qui contient une balise Web. Les balises Web transmettent des donn\u00e9es lorsque vous les consultez, mais ne sont pas capables d&#039;acc\u00e9der \u00e0 d&#039;autres informations sur votre ordinateur. Les balises Web ne sont pas stock\u00e9es sur votre disque dur, sauf si vous t\u00e9l\u00e9chargez une image GIF les contenant. Certains navigateurs (mais pas tous) vous permettent de restreindre l&#039;utilisation des balises Web en les emp\u00eachant de renvoyer des informations \u00e0 leur source (par exemple, lorsque vous choisissez des param\u00e8tres de navigateur qui bloquent les cookies et les traceurs), ou en n&#039;acc\u00e9dant pas aux images contenant (par exemple, si vous s\u00e9lectionnez un param\u00e8tre \u00ab\u00a0ne pas afficher les images (dans les e-mails)\u00a0\u00bb dans votre serveur de messagerie).<\/span><\/p><p><b>COMMENT ACCEPTER OU REFUSER LES COOKIES<br \/><\/b><span style=\"font-size: 20px;\">Le moyen le plus simple d&#039;accepter ou de refuser tout ou partie des cookies utilis\u00e9s par un site Web consiste \u00e0 r\u00e9gler les param\u00e8tres de votre navigateur. Si vous ne savez pas comment proc\u00e9der, les liens ci-dessous contiennent des informations sur la fa\u00e7on de modifier les param\u00e8tres de votre navigateur pour certains des navigateurs Web les plus couramment utilis\u00e9s\u00a0:<\/span><\/p><ul><li>Google Chrome: <a href=\"https:\/\/support.google.com\/chrome\/answer\/95647?hl=en-GB\">https:\/\/support.google.com\/chrome\/answer\/95647?hl=en-GB<\/a><\/li><li>MozillaFirefox\u00a0: <a href=\"https:\/\/support.mozilla.org\/en-US\/kb\/delete-browsing-search-download-history-firefox?redirectlocale=en-US&amp;redirectslug=Clear+Recent+History\">https:\/\/support.mozilla.org\/en-US\/kb\/delete-browsing-search-download-history-firefox?redirectlocale=en-US&amp;redirectslug=Clear+Recent+History<\/a><\/li><li>Microsoft Internet Explorer: <a href=\"https:\/\/support.microsoft.com\/en-us\/help\/278835\/how-to-delete-cookie-files-in-internet-explorer\">https:\/\/support.microsoft.com\/en-us\/help\/278835\/how-to-delete-cookie-files-in-internet-explorer<\/a><\/li><li>Safari d&#039;Apple\u00a0: <a href=\"https:\/\/support.apple.com\/kb\/PH5042?locale=en_US\">https:\/\/support.apple.com\/kb\/PH5042?locale=en_US<\/a><\/li><\/ul><p>Certains navigateurs, tels que Chrome et Firefox, vous permettent de modifier vos param\u00e8tres pour naviguer en mode &quot;incognito&quot;, en limitant la quantit\u00e9 de donn\u00e9es plac\u00e9es sur votre machine et en supprimant automatiquement les cookies persistants plac\u00e9s sur votre appareil lorsque vous terminez votre session de navigation. Il existe \u00e9galement des applications tierces que vous pouvez ajouter \u00e0 votre navigateur pour bloquer ou g\u00e9rer les cookies.<\/p><p>Vous pouvez d\u00e9sactiver le suivi Google Analytics en visitant\u00a0: <a href=\"http:\/\/tools.google.com\/dlpage\/gaoptout\">http:\/\/tools.google.com\/dlpage\/gaoptout<\/a><\/p><p>Vous \u00eates invit\u00e9s \u00e0 bloquer l&#039;utilisation de certains ou de tous les cookies que nous utilisons sur notre site Web. Cependant, sachez que cela peut alt\u00e9rer notre site Web et sa fonctionnalit\u00e9 ou m\u00eame le rendre inutilisable en tout ou en partie.<\/p><p>Vous pouvez trouver des informations plus d\u00e9taill\u00e9es sur les cookies et ajuster les param\u00e8tres de votre navigateur en visitant :<a href=\"http:\/\/www.allaboutcookies.org\/\"> www.allaboutcookies.org<\/a><\/p><p><b>COPYRIGHT, CR\u00c9DIT ET LOGO<br \/><\/b><span style=\"font-size: 20px;\">Cette politique de cookies est bas\u00e9e sur un mod\u00e8le conforme au r\u00e8glement g\u00e9n\u00e9ral sur la protection des donn\u00e9es (r\u00e8glement (UE) 2016\/769) fourni par la politique de confidentialit\u00e9 du RGPD. Pour plus d&#039;informations, veuillez visiter : <\/span><a style=\"font-size: 20px; background-color: #f3f3f3;\" href=\"https:\/\/gdprprivacypolicy.org\/\">https:\/\/gdprprivacypolicy.org<\/a><\/p><p>Le droit d&#039;auteur dans cette politique de cookies nous appartient ou nous est conc\u00e9d\u00e9 sous licence et est prot\u00e9g\u00e9 par les lois sur le droit d&#039;auteur dans le monde entier et les logiciels de protection du droit d&#039;auteur. Tous les droits de propri\u00e9t\u00e9 intellectuelle sur ce document sont r\u00e9serv\u00e9s. Lorsque nous affichons le logo de la politique de confidentialit\u00e9 GDPR sur notre site Web, il est utilis\u00e9 pour indiquer que nous avons adopt\u00e9 un mod\u00e8le de politique de confidentialit\u00e9 fourni par la politique de confidentialit\u00e9 GDPR comme base de cette politique de confidentialit\u00e9.<\/p>\t\t\t\t\t\t\t\t<\/div>\n\t\t\t\t<\/div>\n\t\t\t\t\t<\/div>\n\t\t<\/div>\n\t\t\t\t\t<\/div>\n\t\t<\/section>\n\t\t\t\t<\/div>","protected":false},"excerpt":{"rendered":"<p>Cookie Policy This Cookies Policy sets out the basis on which we, Inspire Global, use cookies and similar technologies on our website, https:\/\/inspireglobal.travel (our website). [&hellip;]<\/p>\n","protected":false},"author":3,"featured_media":0,"parent":0,"menu_order":0,"comment_status":"closed","ping_status":"closed","template":"","meta":{"site-sidebar-layout":"no-sidebar","site-content-layout":"page-builder","ast-site-content-layout":"default","site-content-style":"default","site-sidebar-style":"default","ast-global-header-display":"","ast-banner-title-visibility":"","ast-main-header-display":"","ast-hfb-above-header-display":"","ast-hfb-below-header-display":"","ast-hfb-mobile-header-display":"","site-post-title":"disabled","ast-breadcrumbs-content":"","ast-featured-img":"disabled","footer-sml-layout":"","ast-disable-related-posts":"","theme-transparent-header-meta":"default","adv-header-id-meta":"","stick-header-meta":"default","header-above-stick-meta":"","header-main-stick-meta":"","header-below-stick-meta":"","astra-migrate-meta-layouts":"default","ast-page-background-enabled":"default","ast-page-background-meta":{"desktop":{"background-color":"","background-image":"","background-repeat":"repeat","background-position":"center center","background-size":"auto","background-attachment":"scroll","background-type":"","background-media":"","overlay-type":"","overlay-color":"","overlay-opacity":"","overlay-gradient":""},"tablet":{"background-color":"","background-image":"","background-repeat":"repeat","background-position":"center center","background-size":"auto","background-attachment":"scroll","background-type":"","background-media":"","overlay-type":"","overlay-color":"","overlay-opacity":"","overlay-gradient":""},"mobile":{"background-color":"","background-image":"","background-repeat":"repeat","background-position":"center center","background-size":"auto","background-attachment":"scroll","background-type":"","background-media":"","overlay-type":"","overlay-color":"","overlay-opacity":"","overlay-gradient":""}},"ast-content-background-meta":{"desktop":{"background-color":"var(--ast-global-color-5)","background-image":"","background-repeat":"repeat","background-position":"center center","background-size":"auto","background-attachment":"scroll","background-type":"","background-media":"","overlay-type":"","overlay-color":"","overlay-opacity":"","overlay-gradient":""},"tablet":{"background-color":"var(--ast-global-color-5)","background-image":"","background-repeat":"repeat","background-position":"center center","background-size":"auto","background-attachment":"scroll","background-type":"","background-media":"","overlay-type":"","overlay-color":"","overlay-opacity":"","overlay-gradient":""},"mobile":{"background-color":"var(--ast-global-color-5)","background-image":"","background-repeat":"repeat","background-position":"center center","background-size":"auto","background-attachment":"scroll","background-type":"","background-media":"","overlay-type":"","overlay-color":"","overlay-opacity":"","overlay-gradient":""}},"footnotes":""},"class_list":["post-4933","page","type-page","status-publish","hentry"],"yoast_head":"<!-- This site is optimized with the Yoast SEO plugin v27.5 - https:\/\/yoast.com\/product\/yoast-seo-wordpress\/ -->\n<title>Cookie Policy - Inspire Global<\/title>\n<meta name=\"robots\" content=\"index, follow, max-snippet:-1, max-image-preview:large, max-video-preview:-1\" \/>\n<link rel=\"canonical\" href=\"https:\/\/inspireglobal.travel\/fr\/cookie-policy\/\" \/>\n<meta property=\"og:locale\" content=\"fr_FR\" \/>\n<meta property=\"og:type\" content=\"article\" \/>\n<meta property=\"og:title\" content=\"Cookie Policy - Inspire Global\" \/>\n<meta property=\"og:description\" content=\"Cookie Policy This Cookies Policy sets out the basis on which we, Inspire Global, use cookies and similar technologies on our website, https:\/\/inspireglobal.travel (our website). [&hellip;]\" \/>\n<meta property=\"og:url\" content=\"https:\/\/inspireglobal.travel\/fr\/cookie-policy\/\" \/>\n<meta property=\"og:site_name\" content=\"Inspire Global\" \/>\n<meta property=\"article:publisher\" content=\"https:\/\/www.facebook.com\/Inspire-Global-Travel-173870614311417\/\" \/>\n<meta property=\"article:modified_time\" content=\"2024-08-14T10:40:37+00:00\" \/>\n<meta name=\"twitter:card\" content=\"summary_large_image\" \/>\n<meta name=\"twitter:site\" content=\"@Inspire__Global\" \/>\n<meta name=\"twitter:label1\" content=\"Dur\u00e9e de lecture estim\u00e9e\" \/>\n\t<meta name=\"twitter:data1\" content=\"6 minutes\" \/>\n<script type=\"application\/ld+json\" class=\"yoast-schema-graph\">{\"@context\":\"https:\\\/\\\/schema.org\",\"@graph\":[{\"@type\":\"WebPage\",\"@id\":\"https:\\\/\\\/inspireglobal.travel\\\/pt\\\/politica-de-cookies\\\/\",\"url\":\"https:\\\/\\\/inspireglobal.travel\\\/pt\\\/politica-de-cookies\\\/\",\"name\":\"Cookie Policy - Inspire Global\",\"isPartOf\":{\"@id\":\"https:\\\/\\\/inspireglobal.travel\\\/#website\"},\"datePublished\":\"2021-04-06T14:22:05+00:00\",\"dateModified\":\"2024-08-14T10:40:37+00:00\",\"breadcrumb\":{\"@id\":\"https:\\\/\\\/inspireglobal.travel\\\/pt\\\/politica-de-cookies\\\/#breadcrumb\"},\"inLanguage\":\"fr-FR\",\"potentialAction\":[{\"@type\":\"ReadAction\",\"target\":[\"https:\\\/\\\/inspireglobal.travel\\\/pt\\\/politica-de-cookies\\\/\"]}]},{\"@type\":\"BreadcrumbList\",\"@id\":\"https:\\\/\\\/inspireglobal.travel\\\/pt\\\/politica-de-cookies\\\/#breadcrumb\",\"itemListElement\":[{\"@type\":\"ListItem\",\"position\":1,\"name\":\"Home\",\"item\":\"https:\\\/\\\/inspireglobal.travel\\\/\"},{\"@type\":\"ListItem\",\"position\":2,\"name\":\"Cookie Policy\"}]},{\"@type\":\"WebSite\",\"@id\":\"https:\\\/\\\/inspireglobal.travel\\\/#website\",\"url\":\"https:\\\/\\\/inspireglobal.travel\\\/\",\"name\":\"Inspire Global\",\"description\":\"A mission-driven member community championing positive impact tourism\",\"publisher\":{\"@id\":\"https:\\\/\\\/inspireglobal.travel\\\/#organization\"},\"potentialAction\":[{\"@type\":\"SearchAction\",\"target\":{\"@type\":\"EntryPoint\",\"urlTemplate\":\"https:\\\/\\\/inspireglobal.travel\\\/?s={search_term_string}\"},\"query-input\":{\"@type\":\"PropertyValueSpecification\",\"valueRequired\":true,\"valueName\":\"search_term_string\"}}],\"inLanguage\":\"fr-FR\"},{\"@type\":\"Organization\",\"@id\":\"https:\\\/\\\/inspireglobal.travel\\\/#organization\",\"name\":\"Inspire Global\",\"url\":\"https:\\\/\\\/inspireglobal.travel\\\/\",\"logo\":{\"@type\":\"ImageObject\",\"inLanguage\":\"fr-FR\",\"@id\":\"https:\\\/\\\/inspireglobal.travel\\\/#\\\/schema\\\/logo\\\/image\\\/\",\"url\":\"https:\\\/\\\/inspireglobal.travel\\\/wp-content\\\/uploads\\\/2019\\\/12\\\/inspire-global-logo-01.png\",\"contentUrl\":\"https:\\\/\\\/inspireglobal.travel\\\/wp-content\\\/uploads\\\/2019\\\/12\\\/inspire-global-logo-01.png\",\"width\":1321,\"height\":566,\"caption\":\"Inspire Global\"},\"image\":{\"@id\":\"https:\\\/\\\/inspireglobal.travel\\\/#\\\/schema\\\/logo\\\/image\\\/\"},\"sameAs\":[\"https:\\\/\\\/www.facebook.com\\\/Inspire-Global-Travel-173870614311417\\\/\",\"https:\\\/\\\/x.com\\\/Inspire__Global\",\"https:\\\/\\\/www.instagram.com\\\/inspire_global_travel\\\/\",\"https:\\\/\\\/www.linkedin.com\\\/company\\\/inspire-globaltravel\\\/\"]}]}<\/script>\n<!-- \/ Yoast SEO plugin. -->","yoast_head_json":{"title":"Politique relative aux cookies - Inspire Global","robots":{"index":"index","follow":"follow","max-snippet":"max-snippet:-1","max-image-preview":"max-image-preview:large","max-video-preview":"max-video-preview:-1"},"canonical":"https:\/\/inspireglobal.travel\/fr\/cookie-policy\/","og_locale":"fr_FR","og_type":"article","og_title":"Cookie Policy - Inspire Global","og_description":"Cookie Policy This Cookies Policy sets out the basis on which we, Inspire Global, use cookies and similar technologies on our website, https:\/\/inspireglobal.travel (our website). [&hellip;]","og_url":"https:\/\/inspireglobal.travel\/fr\/cookie-policy\/","og_site_name":"Inspire Global","article_publisher":"https:\/\/www.facebook.com\/Inspire-Global-Travel-173870614311417\/","article_modified_time":"2024-08-14T10:40:37+00:00","twitter_card":"summary_large_image","twitter_site":"@Inspire__Global","twitter_misc":{"Dur\u00e9e de lecture estim\u00e9e":"6 minutes"},"schema":{"@context":"https:\/\/schema.org","@graph":[{"@type":"WebPage","@id":"https:\/\/inspireglobal.travel\/pt\/politica-de-cookies\/","url":"https:\/\/inspireglobal.travel\/pt\/politica-de-cookies\/","name":"Politique relative aux cookies - Inspire Global","isPartOf":{"@id":"https:\/\/inspireglobal.travel\/#website"},"datePublished":"2021-04-06T14:22:05+00:00","dateModified":"2024-08-14T10:40:37+00:00","breadcrumb":{"@id":"https:\/\/inspireglobal.travel\/pt\/politica-de-cookies\/#breadcrumb"},"inLanguage":"fr-FR","potentialAction":[{"@type":"ReadAction","target":["https:\/\/inspireglobal.travel\/pt\/politica-de-cookies\/"]}]},{"@type":"BreadcrumbList","@id":"https:\/\/inspireglobal.travel\/pt\/politica-de-cookies\/#breadcrumb","itemListElement":[{"@type":"ListItem","position":1,"name":"Home","item":"https:\/\/inspireglobal.travel\/"},{"@type":"ListItem","position":2,"name":"Cookie Policy"}]},{"@type":"WebSite","@id":"https:\/\/inspireglobal.travel\/#website","url":"https:\/\/inspireglobal.travel\/","name":"Inspirer le monde","description":"A mission-driven member community championing positive impact tourism","publisher":{"@id":"https:\/\/inspireglobal.travel\/#organization"},"potentialAction":[{"@type":"SearchAction","target":{"@type":"EntryPoint","urlTemplate":"https:\/\/inspireglobal.travel\/?s={search_term_string}"},"query-input":{"@type":"PropertyValueSpecification","valueRequired":true,"valueName":"search_term_string"}}],"inLanguage":"fr-FR"},{"@type":"Organization","@id":"https:\/\/inspireglobal.travel\/#organization","name":"Inspirer le monde","url":"https:\/\/inspireglobal.travel\/","logo":{"@type":"ImageObject","inLanguage":"fr-FR","@id":"https:\/\/inspireglobal.travel\/#\/schema\/logo\/image\/","url":"https:\/\/inspireglobal.travel\/wp-content\/uploads\/2019\/12\/inspire-global-logo-01.png","contentUrl":"https:\/\/inspireglobal.travel\/wp-content\/uploads\/2019\/12\/inspire-global-logo-01.png","width":1321,"height":566,"caption":"Inspire Global"},"image":{"@id":"https:\/\/inspireglobal.travel\/#\/schema\/logo\/image\/"},"sameAs":["https:\/\/www.facebook.com\/Inspire-Global-Travel-173870614311417\/","https:\/\/x.com\/Inspire__Global","https:\/\/www.instagram.com\/inspire_global_travel\/","https:\/\/www.linkedin.com\/company\/inspire-globaltravel\/"]}]}},"_links":{"self":[{"href":"https:\/\/inspireglobal.travel\/fr\/wp-json\/wp\/v2\/pages\/4933","targetHints":{"allow":["GET"]}}],"collection":[{"href":"https:\/\/inspireglobal.travel\/fr\/wp-json\/wp\/v2\/pages"}],"about":[{"href":"https:\/\/inspireglobal.travel\/fr\/wp-json\/wp\/v2\/types\/page"}],"author":[{"embeddable":true,"href":"https:\/\/inspireglobal.travel\/fr\/wp-json\/wp\/v2\/users\/3"}],"replies":[{"embeddable":true,"href":"https:\/\/inspireglobal.travel\/fr\/wp-json\/wp\/v2\/comments?post=4933"}],"version-history":[{"count":0,"href":"https:\/\/inspireglobal.travel\/fr\/wp-json\/wp\/v2\/pages\/4933\/revisions"}],"wp:attachment":[{"href":"https:\/\/inspireglobal.travel\/fr\/wp-json\/wp\/v2\/media?parent=4933"}],"curies":[{"name":"wp","href":"https:\/\/api.w.org\/{rel}","templated":true}]}}