{"id":4933,"date":"2021-04-06T15:22:05","date_gmt":"2021-04-06T14:22:05","guid":{"rendered":"https:\/\/inspireafrica.travel\/?page_id=4933"},"modified":"2024-08-14T11:40:37","modified_gmt":"2024-08-14T10:40:37","slug":"politica-de-cookies","status":"publish","type":"page","link":"https:\/\/inspireglobal.travel\/pt\/cookie-policy\/","title":{"rendered":"Pol\u00edtica de cookies"},"content":{"rendered":"<div data-elementor-type=\"wp-page\" data-elementor-id=\"4933\" class=\"elementor elementor-4933\">\n\t\t\t\t\t\t<section class=\"elementor-section elementor-top-section elementor-element elementor-element-00b01cd elementor-section-boxed elementor-section-height-default elementor-section-height-default exad-glass-effect-no exad-sticky-section-no\" data-id=\"00b01cd\" data-element_type=\"section\" data-e-type=\"section\">\n\t\t\t\t\t\t<div class=\"elementor-container elementor-column-gap-default\">\n\t\t\t\t\t<div class=\"elementor-column elementor-col-100 elementor-top-column elementor-element elementor-element-adc5035 exad-glass-effect-no exad-sticky-section-no\" data-id=\"adc5035\" data-element_type=\"column\" data-e-type=\"column\">\n\t\t\t<div class=\"elementor-widget-wrap elementor-element-populated\">\n\t\t\t\t\t\t<div class=\"elementor-element elementor-element-5a58991 exad-sticky-section-no exad-glass-effect-no elementor-widget elementor-widget-heading\" data-id=\"5a58991\" data-element_type=\"widget\" data-e-type=\"widget\" data-widget_type=\"heading.default\">\n\t\t\t\t<div class=\"elementor-widget-container\">\n\t\t\t\t\t<h2 class=\"elementor-heading-title elementor-size-default\">Pol\u00edtica de cookies<\/h2>\t\t\t\t<\/div>\n\t\t\t\t<\/div>\n\t\t\t\t<div class=\"elementor-element elementor-element-7f86ffa exad-sticky-section-no exad-glass-effect-no elementor-widget elementor-widget-text-editor\" data-id=\"7f86ffa\" data-element_type=\"widget\" data-e-type=\"widget\" data-widget_type=\"text-editor.default\">\n\t\t\t\t<div class=\"elementor-widget-container\">\n\t\t\t\t\t\t\t\t\t<p><span style=\"font-size: 20px;\">Esta Pol\u00edtica de Cookies define a base na qual n\u00f3s, Inspire Global, usamos cookies e tecnologias semelhantes em nosso site, https:\/\/inspireglobal.travel (nosso site).<\/span><\/p><p>Podemos atualizar esta Pol\u00edtica de Cookies de tempos em tempos para mant\u00ea-lo totalmente informado sobre nossas pr\u00e1ticas mais recentes envolvendo cookies e tecnologias semelhantes de coleta de informa\u00e7\u00f5es em nosso site. Voc\u00ea deve verificar esta Pol\u00edtica de Cookies sempre que visitar nosso site para descobrir se nosso uso de cookies e tecnologias semelhantes mudou. Esta Pol\u00edtica de Cookies entra em vigor a partir de 01\/04\/2021.<\/p><p>Recomendamos que voc\u00ea imprima uma c\u00f3pia desta Pol\u00edtica de Cookies para seus registros.<\/p><p><strong>CONTE\u00daDO<\/strong><\/p><ul><li>Sobre cookies<\/li><li>Tipos de cookies usados<br \/>\u2013 Cookies essenciais<br \/>\u2013 Cookies funcionais<br \/>\u2013 Cookies anal\u00edticos ou de desempenho<br \/>\u2013 Cookies de terceiros<br \/>\u2013 Web beacons<\/li><li>Como aceitar ou rejeitar cookies<\/li><li>Direitos autorais, cr\u00e9dito e logotipo<\/li><\/ul><p><span style=\"font-size: 20px;\"><b>SOBRE COOKIES<br \/><\/b><\/span><span style=\"font-size: 20px;\">Cookies s\u00e3o arquivos de dados que s\u00e3o enviados entre servidores da web e navegadores da web, mem\u00f3ria do processador ou discos r\u00edgidos (clientes) para reconhecer o dispositivo de um determinado usu\u00e1rio quando o usu\u00e1rio acessa um site. Eles s\u00e3o usados para uma variedade de prop\u00f3sitos diferentes, como personalizar um site para um usu\u00e1rio espec\u00edfico, ajudar um usu\u00e1rio a navegar em um site, melhorar a experi\u00eancia desse usu\u00e1rio no site e armazenar as prefer\u00eancias e informa\u00e7\u00f5es de login desse usu\u00e1rio.<\/span><\/p><p>Os cookies podem ser classificados como cookies de &#039;sess\u00e3o&#039; ou &#039;persistentes&#039;. Os cookies de sess\u00e3o s\u00e3o colocados em seu navegador quando voc\u00ea acessa um site e duram enquanto voc\u00ea mantiver seu navegador aberto. Eles expiram quando voc\u00ea fecha o navegador.<\/p><p>Os cookies persistentes s\u00e3o colocados em seu computador quando voc\u00ea acessa um site e expira em um ponto fixo no tempo ou se voc\u00ea os exclui manualmente do seu navegador, o que ocorrer primeiro.<\/p><p>Os cookies ser\u00e3o definidos pelo dom\u00ednio do nosso site ou por dom\u00ednios de terceiros em nosso nome. Os cookies definidos por n\u00f3s no dom\u00ednio do nosso site s\u00e3o chamados de cookies &#039;prim\u00e1rios&#039;. Os cookies definidos por dom\u00ednios de terceiros ou definidos em ou atrav\u00e9s do dom\u00ednio do nosso site em nome de terceiros s\u00e3o chamados de cookies de &#039;terceiros&#039;.<\/p><p>Os cookies geralmente n\u00e3o cont\u00eam informa\u00e7\u00f5es pessoais. Os cookies podem, no entanto, ser usados em combina\u00e7\u00e3o com outras informa\u00e7\u00f5es para identific\u00e1-lo.<\/p><p>Usamos cookies prim\u00e1rios em nosso site e cookies de sess\u00e3o e persistentes.<\/p><p>Se voc\u00ea precisar de mais informa\u00e7\u00f5es sobre cookies em geral, visite <a href=\"http:\/\/www.allaboutcookies.org\/\">www.allaboutcookies.org<\/a><\/p><p><b>TIPOS DE COOKIES USADOS<br \/><\/b><span style=\"font-size: 20px;\">Usamos os seguintes tipos de cookies em nosso site:<\/span><\/p><p><u>Cookies essenciais<br \/><\/u><span style=\"font-size: 20px;\">Estes s\u00e3o cookies necess\u00e1rios para que possamos executar nosso site e suas fun\u00e7\u00f5es essenciais. Usamos cookies essenciais para as seguintes finalidades em nosso site:<\/span><\/p><ul><li>para administrar nosso site.<\/li><li>para garantir que nosso site funcione corretamente quando voc\u00ea interage com ele.<\/li><li>para fazer login em \u00e1reas protegidas por senha ou acessar outras \u00e1reas seguras do nosso site.<\/li><\/ul><p><u>Cookies funcionais<br \/><\/u><span style=\"font-size: 20px;\">S\u00e3o cookies que armazenam informa\u00e7\u00f5es sobre suas prefer\u00eancias e suas intera\u00e7\u00f5es anteriores com nosso site e o reconhecem sempre que voc\u00ea retorna a um site, a fim de melhorar sua experi\u00eancia no site e personaliz\u00e1-lo para voc\u00ea. Usamos cookies funcionais para as seguintes finalidades em nosso site:<\/span><\/p><ul><li>para reconhec\u00ea-lo quando voc\u00ea retornar ao nosso site.<\/li><li>para melhorar sua experi\u00eancia em nosso site.<\/li><li>para reconhecer se voc\u00ea aceitou o uso de cookies em nosso site.<\/li><li>para reconhecer o tipo de dispositivo de navega\u00e7\u00e3o que voc\u00ea est\u00e1 usando, incluindo seu navegador e as configura\u00e7\u00f5es do navegador, com o objetivo de exibir nosso site para voc\u00ea em um formato apropriado.<\/li><li>com a finalidade de fornecer nosso servi\u00e7o de consulta de formul\u00e1rio de contato.<\/li><\/ul><p><u>Cookies anal\u00edticos ou de desempenho<br \/><\/u><span style=\"font-size: 20px;\">Os cookies anal\u00edticos rastreiam e coletam dados sobre o que um usu\u00e1rio faz em um site. Usamos cookies anal\u00edticos para os seguintes prop\u00f3sitos em nosso site:<\/span><\/p><ul><li>para analisar o acesso e uso dos usu\u00e1rios do nosso site e seus recursos.<\/li><li>para melhorar nosso site, incluindo sua usabilidade, funcionalidade, conte\u00fado e experi\u00eancia do usu\u00e1rio.<\/li><\/ul><p>As informa\u00e7\u00f5es que coletamos usando cookies anal\u00edticos s\u00e3o coletadas de forma an\u00f4nima.<\/p><p><u>Cookies de primeira festa<br \/><\/u><span style=\"font-size: 20px;\">Os cookies prim\u00e1rios usados em rela\u00e7\u00e3o ao nosso site incluem:<\/span><\/p><table width=\"900\"><thead><tr><td><p><strong>Bolacha<\/strong><\/p><\/td><td><p><strong>Nome do cookie<\/strong><\/p><\/td><td><p><strong>Prop\u00f3sito<\/strong><\/p><\/td><td><p><strong>Mais informa\u00e7\u00f5es<\/strong><\/p><\/td><\/tr><\/thead><tbody><tr><td><p>Cookie de sess\u00e3o<\/p><\/td><td><p>PHPSESSID<\/p><\/td><td><p>Este cookie de sess\u00e3o \u00e9 essencial para a identifica\u00e7\u00e3o de um usu\u00e1rio em nosso site. Este cookie \u00e9 exclu\u00eddo quando voc\u00ea fecha seu navegador.<\/p><\/td><td>.<\/td><\/tr><tr><td><p>Google Analytics<\/p><\/td><td>.<\/td><td><p>Esses cookies s\u00e3o usados para coletar informa\u00e7\u00f5es sobre como os visitantes usam nosso site. Usamos as informa\u00e7\u00f5es para compilar relat\u00f3rios e para nos ajudar a melhorar o site. Os cookies coletam informa\u00e7\u00f5es de forma an\u00f4nima, incluindo o n\u00famero de visitantes do site, de onde os visitantes chegaram ao site e as p\u00e1ginas que visitaram.<\/p><\/td><td><p><a href=\"https:\/\/developers.google.com\/analytics\/devguides\/collection\/analyticsjs\/cookie-usage\">Uso de cookies do Google Analytics em sites (inclui lista de cookies usados)<\/a><br \/><a href=\"https:\/\/policies.google.com\/technologies\/types\">Tipos de cookies usados pelo Google<\/a><\/p><\/td><\/tr><\/tbody><\/table><p><u>Cookies de terceiros<br \/><\/u><span style=\"font-size: 20px;\">Terceiros podem usar cookies em, atrav\u00e9s ou em rela\u00e7\u00e3o ao nosso site para analisar seu uso do nosso site e\/ou exibir an\u00fancios (incluindo an\u00fancios de terceiros) para voc\u00ea e para rastreamento de convers\u00e3o de an\u00fancios, como o Google AdWords, se usado . .<\/span><\/p><p>Os cookies de terceiros usados em rela\u00e7\u00e3o ao nosso site incluem:<\/p><p>N\u00e3o podemos ser respons\u00e1veis pelas formas como terceiros usam informa\u00e7\u00f5es sobre voc\u00ea que coletam do uso de cookies.<\/p><p><u>Web beacons<br \/><\/u><span style=\"font-size: 20px;\">N\u00f3s e quaisquer empresas de marketing que usamos tamb\u00e9m incorporamos web beacons em nossos e-mails de marketing e em nosso site. Web beacons s\u00e3o pequenos arquivos de imagem GIF que nos permitem rastrear o recebimento de nossos e-mails de marketing, a frequ\u00eancia com que voc\u00ea visualiza nossos an\u00fancios ou p\u00e1ginas do site, sua localiza\u00e7\u00e3o, endere\u00e7o IP e informa\u00e7\u00f5es do navegador. Os web beacons s\u00e3o ativados sempre que voc\u00ea abre um e-mail de marketing ou acessa uma p\u00e1gina em nosso site que cont\u00e9m um web beacon. Web beacons transmitem dados quando voc\u00ea os visualiza, mas n\u00e3o s\u00e3o capazes de acessar nenhuma outra informa\u00e7\u00e3o em seu computador. Web beacons n\u00e3o s\u00e3o armazenados em seu disco r\u00edgido, a menos que voc\u00ea baixe uma imagem GIF que os contenha. Alguns (mas n\u00e3o todos) navegadores permitem que voc\u00ea restrinja o uso de web beacons impedindo-os de enviar informa\u00e7\u00f5es de volta \u00e0 sua fonte (por exemplo, quando voc\u00ea escolhe configura\u00e7\u00f5es do navegador que bloqueiam cookies e rastreadores), ou n\u00e3o acessando as imagens que cont\u00eam (por exemplo, se voc\u00ea selecionar uma configura\u00e7\u00e3o &#039;n\u00e3o exibir imagens (em e-mails)&#039; em seu servidor de e-mail).<\/span><\/p><p><b>COMO ACEITAR OU REJEITAR COOKIES<br \/><\/b><span style=\"font-size: 20px;\">A maneira mais f\u00e1cil de aceitar ou rejeitar alguns ou todos os cookies usados por um site \u00e9 ajustar as configura\u00e7\u00f5es do seu navegador. Se voc\u00ea n\u00e3o souber como fazer isso, os links abaixo fornecem informa\u00e7\u00f5es sobre como alterar as configura\u00e7\u00f5es do navegador para alguns dos navegadores mais usados:<\/span><\/p><ul><li>Google Chrome: <a href=\"https:\/\/support.google.com\/chrome\/answer\/95647?hl=en-GB\">https:\/\/support.google.com\/chrome\/answer\/95647?hl=en-GB<\/a><\/li><li>Mozila Firefox: <a href=\"https:\/\/support.mozilla.org\/en-US\/kb\/delete-browsing-search-download-history-firefox?redirectlocale=en-US&amp;redirectslug=Clear+Recent+History\">https:\/\/support.mozilla.org\/en-US\/kb\/delete-browsing-search-download-history-firefox?redirectlocale=en-US&amp;redirectslug=Clear+Recent+History<\/a><\/li><li>Explorador de Internet da Microsoft: <a href=\"https:\/\/support.microsoft.com\/en-us\/help\/278835\/how-to-delete-cookie-files-in-internet-explorer\">https:\/\/support.microsoft.com\/en-us\/help\/278835\/how-to-delete-cookie-files-in-internet-explorer<\/a><\/li><li>Saf\u00e1ri de Ma\u00e7\u00e3: <a href=\"https:\/\/support.apple.com\/kb\/PH5042?locale=en_US\">https:\/\/support.apple.com\/kb\/PH5042?locale=en_US<\/a><\/li><\/ul><p>Alguns navegadores, como Chrome e Firefox, permitem que voc\u00ea altere suas configura\u00e7\u00f5es para navegar no modo &#039;an\u00f4nimo&#039;, limitando a quantidade de dados colocados em sua m\u00e1quina e excluindo automaticamente quaisquer cookies persistentes colocados em seu dispositivo quando voc\u00ea terminar sua sess\u00e3o de navega\u00e7\u00e3o. Existem tamb\u00e9m aplicativos de terceiros que voc\u00ea pode adicionar ao seu navegador para bloquear ou gerenciar cookies.<\/p><p>Voc\u00ea pode desativar o rastreamento do Google Analytics visitando: <a href=\"http:\/\/tools.google.com\/dlpage\/gaoptout\">http:\/\/tools.google.com\/dlpage\/gaoptout<\/a><\/p><p>Voc\u00ea pode bloquear o uso de alguns ou todos os cookies que usamos em nosso site. No entanto, esteja ciente de que isso pode prejudicar nosso site e sua funcionalidade ou at\u00e9 mesmo inutiliz\u00e1-lo em parte ou na totalidade.<\/p><p>Voc\u00ea pode encontrar informa\u00e7\u00f5es mais detalhadas sobre cookies e ajustar as configura\u00e7\u00f5es do seu navegador visitando:<a href=\"http:\/\/www.allaboutcookies.org\/\"> www.allaboutcookies.org<\/a><\/p><p><b>DIREITOS AUTORAIS, CR\u00c9DITO E LOGOTIPO<br \/><\/b><span style=\"font-size: 20px;\">Esta Pol\u00edtica de Cookies \u00e9 baseada em um modelo compat\u00edvel com o Regulamento Geral de Prote\u00e7\u00e3o de Dados (Regulamento (UE) 2016\/769) fornecido pela Pol\u00edtica de Privacidade do GDPR. Para mais informa\u00e7\u00f5es, visite: <\/span><a style=\"font-size: 20px; background-color: #f3f3f3;\" href=\"https:\/\/gdprprivacypolicy.org\/\">https:\/\/gdprprivacypolicy.org<\/a><\/p><p>Os direitos autorais nesta Pol\u00edtica de Cookies s\u00e3o de nossa propriedade ou licenciados para n\u00f3s e s\u00e3o protegidos por leis de direitos autorais em todo o mundo e software de prote\u00e7\u00e3o de direitos autorais. Todos os direitos de propriedade intelectual neste documento s\u00e3o reservados. Quando exibimos o logotipo da Pol\u00edtica de Privacidade GDPR em nosso site, isso \u00e9 usado para indicar que adotamos um modelo de pol\u00edtica de privacidade fornecido pela Pol\u00edtica de Privacidade GDPR como base para esta Pol\u00edtica de Privacidade.<\/p>\t\t\t\t\t\t\t\t<\/div>\n\t\t\t\t<\/div>\n\t\t\t\t\t<\/div>\n\t\t<\/div>\n\t\t\t\t\t<\/div>\n\t\t<\/section>\n\t\t\t\t<\/div>","protected":false},"excerpt":{"rendered":"<p>Cookie Policy This Cookies Policy sets out the basis on which we, Inspire Global, use cookies and similar technologies on our website, https:\/\/inspireglobal.travel (our website). [&hellip;]<\/p>\n","protected":false},"author":3,"featured_media":0,"parent":0,"menu_order":0,"comment_status":"closed","ping_status":"closed","template":"","meta":{"site-sidebar-layout":"no-sidebar","site-content-layout":"page-builder","ast-site-content-layout":"default","site-content-style":"default","site-sidebar-style":"default","ast-global-header-display":"","ast-banner-title-visibility":"","ast-main-header-display":"","ast-hfb-above-header-display":"","ast-hfb-below-header-display":"","ast-hfb-mobile-header-display":"","site-post-title":"disabled","ast-breadcrumbs-content":"","ast-featured-img":"disabled","footer-sml-layout":"","ast-disable-related-posts":"","theme-transparent-header-meta":"default","adv-header-id-meta":"","stick-header-meta":"default","header-above-stick-meta":"","header-main-stick-meta":"","header-below-stick-meta":"","astra-migrate-meta-layouts":"default","ast-page-background-enabled":"default","ast-page-background-meta":{"desktop":{"background-color":"","background-image":"","background-repeat":"repeat","background-position":"center center","background-size":"auto","background-attachment":"scroll","background-type":"","background-media":"","overlay-type":"","overlay-color":"","overlay-opacity":"","overlay-gradient":""},"tablet":{"background-color":"","background-image":"","background-repeat":"repeat","background-position":"center center","background-size":"auto","background-attachment":"scroll","background-type":"","background-media":"","overlay-type":"","overlay-color":"","overlay-opacity":"","overlay-gradient":""},"mobile":{"background-color":"","background-image":"","background-repeat":"repeat","background-position":"center center","background-size":"auto","background-attachment":"scroll","background-type":"","background-media":"","overlay-type":"","overlay-color":"","overlay-opacity":"","overlay-gradient":""}},"ast-content-background-meta":{"desktop":{"background-color":"var(--ast-global-color-5)","background-image":"","background-repeat":"repeat","background-position":"center center","background-size":"auto","background-attachment":"scroll","background-type":"","background-media":"","overlay-type":"","overlay-color":"","overlay-opacity":"","overlay-gradient":""},"tablet":{"background-color":"var(--ast-global-color-5)","background-image":"","background-repeat":"repeat","background-position":"center center","background-size":"auto","background-attachment":"scroll","background-type":"","background-media":"","overlay-type":"","overlay-color":"","overlay-opacity":"","overlay-gradient":""},"mobile":{"background-color":"var(--ast-global-color-5)","background-image":"","background-repeat":"repeat","background-position":"center center","background-size":"auto","background-attachment":"scroll","background-type":"","background-media":"","overlay-type":"","overlay-color":"","overlay-opacity":"","overlay-gradient":""}},"footnotes":""},"class_list":["post-4933","page","type-page","status-publish","hentry"],"yoast_head":"<!-- This site is optimized with the Yoast SEO plugin v27.4 - https:\/\/yoast.com\/product\/yoast-seo-wordpress\/ -->\n<title>Cookie Policy - Inspire Global<\/title>\n<meta name=\"robots\" content=\"index, follow, max-snippet:-1, max-image-preview:large, max-video-preview:-1\" \/>\n<link rel=\"canonical\" href=\"https:\/\/inspireglobal.travel\/pt\/politica-de-cookies\/\" \/>\n<meta property=\"og:locale\" content=\"pt_BR\" \/>\n<meta property=\"og:type\" content=\"article\" \/>\n<meta property=\"og:title\" content=\"Cookie Policy - Inspire Global\" \/>\n<meta property=\"og:description\" content=\"Cookie Policy This Cookies Policy sets out the basis on which we, Inspire Global, use cookies and similar technologies on our website, https:\/\/inspireglobal.travel (our website). [&hellip;]\" \/>\n<meta property=\"og:url\" content=\"https:\/\/inspireglobal.travel\/pt\/politica-de-cookies\/\" \/>\n<meta property=\"og:site_name\" content=\"Inspire Global\" \/>\n<meta property=\"article:publisher\" content=\"https:\/\/www.facebook.com\/Inspire-Global-Travel-173870614311417\/\" \/>\n<meta property=\"article:modified_time\" content=\"2024-08-14T10:40:37+00:00\" \/>\n<meta name=\"twitter:card\" content=\"summary_large_image\" \/>\n<meta name=\"twitter:site\" content=\"@Inspire__Global\" \/>\n<meta name=\"twitter:label1\" content=\"Est. tempo de leitura\" \/>\n\t<meta name=\"twitter:data1\" content=\"6 minutos\" \/>\n<script type=\"application\/ld+json\" class=\"yoast-schema-graph\">{\"@context\":\"https:\\\/\\\/schema.org\",\"@graph\":[{\"@type\":\"WebPage\",\"@id\":\"https:\\\/\\\/inspireglobal.travel\\\/pt\\\/politica-de-cookies\\\/\",\"url\":\"https:\\\/\\\/inspireglobal.travel\\\/pt\\\/politica-de-cookies\\\/\",\"name\":\"Cookie Policy - Inspire Global\",\"isPartOf\":{\"@id\":\"https:\\\/\\\/inspireglobal.travel\\\/#website\"},\"datePublished\":\"2021-04-06T14:22:05+00:00\",\"dateModified\":\"2024-08-14T10:40:37+00:00\",\"breadcrumb\":{\"@id\":\"https:\\\/\\\/inspireglobal.travel\\\/pt\\\/politica-de-cookies\\\/#breadcrumb\"},\"inLanguage\":\"pt-BR\",\"potentialAction\":[{\"@type\":\"ReadAction\",\"target\":[\"https:\\\/\\\/inspireglobal.travel\\\/pt\\\/politica-de-cookies\\\/\"]}]},{\"@type\":\"BreadcrumbList\",\"@id\":\"https:\\\/\\\/inspireglobal.travel\\\/pt\\\/politica-de-cookies\\\/#breadcrumb\",\"itemListElement\":[{\"@type\":\"ListItem\",\"position\":1,\"name\":\"Home\",\"item\":\"https:\\\/\\\/inspireglobal.travel\\\/\"},{\"@type\":\"ListItem\",\"position\":2,\"name\":\"Cookie Policy\"}]},{\"@type\":\"WebSite\",\"@id\":\"https:\\\/\\\/inspireglobal.travel\\\/#website\",\"url\":\"https:\\\/\\\/inspireglobal.travel\\\/\",\"name\":\"Inspire Global\",\"description\":\"A mission-driven member community championing positive impact tourism\",\"publisher\":{\"@id\":\"https:\\\/\\\/inspireglobal.travel\\\/#organization\"},\"potentialAction\":[{\"@type\":\"SearchAction\",\"target\":{\"@type\":\"EntryPoint\",\"urlTemplate\":\"https:\\\/\\\/inspireglobal.travel\\\/?s={search_term_string}\"},\"query-input\":{\"@type\":\"PropertyValueSpecification\",\"valueRequired\":true,\"valueName\":\"search_term_string\"}}],\"inLanguage\":\"pt-BR\"},{\"@type\":\"Organization\",\"@id\":\"https:\\\/\\\/inspireglobal.travel\\\/#organization\",\"name\":\"Inspire Global\",\"url\":\"https:\\\/\\\/inspireglobal.travel\\\/\",\"logo\":{\"@type\":\"ImageObject\",\"inLanguage\":\"pt-BR\",\"@id\":\"https:\\\/\\\/inspireglobal.travel\\\/#\\\/schema\\\/logo\\\/image\\\/\",\"url\":\"https:\\\/\\\/inspireglobal.travel\\\/wp-content\\\/uploads\\\/2019\\\/12\\\/inspire-global-logo-01.png\",\"contentUrl\":\"https:\\\/\\\/inspireglobal.travel\\\/wp-content\\\/uploads\\\/2019\\\/12\\\/inspire-global-logo-01.png\",\"width\":1321,\"height\":566,\"caption\":\"Inspire Global\"},\"image\":{\"@id\":\"https:\\\/\\\/inspireglobal.travel\\\/#\\\/schema\\\/logo\\\/image\\\/\"},\"sameAs\":[\"https:\\\/\\\/www.facebook.com\\\/Inspire-Global-Travel-173870614311417\\\/\",\"https:\\\/\\\/x.com\\\/Inspire__Global\",\"https:\\\/\\\/www.instagram.com\\\/inspire_global_travel\\\/\",\"https:\\\/\\\/www.linkedin.com\\\/company\\\/inspire-globaltravel\\\/\"]}]}<\/script>\n<!-- \/ Yoast SEO plugin. -->","yoast_head_json":{"title":"Pol\u00edtica de Cookies - Inspire Global","robots":{"index":"index","follow":"follow","max-snippet":"max-snippet:-1","max-image-preview":"max-image-preview:large","max-video-preview":"max-video-preview:-1"},"canonical":"https:\/\/inspireglobal.travel\/pt\/politica-de-cookies\/","og_locale":"pt_BR","og_type":"article","og_title":"Cookie Policy - Inspire Global","og_description":"Cookie Policy This Cookies Policy sets out the basis on which we, Inspire Global, use cookies and similar technologies on our website, https:\/\/inspireglobal.travel (our website). [&hellip;]","og_url":"https:\/\/inspireglobal.travel\/pt\/politica-de-cookies\/","og_site_name":"Inspire Global","article_publisher":"https:\/\/www.facebook.com\/Inspire-Global-Travel-173870614311417\/","article_modified_time":"2024-08-14T10:40:37+00:00","twitter_card":"summary_large_image","twitter_site":"@Inspire__Global","twitter_misc":{"Est. tempo de leitura":"6 minutos"},"schema":{"@context":"https:\/\/schema.org","@graph":[{"@type":"WebPage","@id":"https:\/\/inspireglobal.travel\/pt\/politica-de-cookies\/","url":"https:\/\/inspireglobal.travel\/pt\/politica-de-cookies\/","name":"Pol\u00edtica de Cookies - Inspire Global","isPartOf":{"@id":"https:\/\/inspireglobal.travel\/#website"},"datePublished":"2021-04-06T14:22:05+00:00","dateModified":"2024-08-14T10:40:37+00:00","breadcrumb":{"@id":"https:\/\/inspireglobal.travel\/pt\/politica-de-cookies\/#breadcrumb"},"inLanguage":"pt-BR","potentialAction":[{"@type":"ReadAction","target":["https:\/\/inspireglobal.travel\/pt\/politica-de-cookies\/"]}]},{"@type":"BreadcrumbList","@id":"https:\/\/inspireglobal.travel\/pt\/politica-de-cookies\/#breadcrumb","itemListElement":[{"@type":"ListItem","position":1,"name":"Home","item":"https:\/\/inspireglobal.travel\/"},{"@type":"ListItem","position":2,"name":"Cookie Policy"}]},{"@type":"WebSite","@id":"https:\/\/inspireglobal.travel\/#website","url":"https:\/\/inspireglobal.travel\/","name":"Inspire Global","description":"A mission-driven member community championing positive impact tourism","publisher":{"@id":"https:\/\/inspireglobal.travel\/#organization"},"potentialAction":[{"@type":"SearchAction","target":{"@type":"EntryPoint","urlTemplate":"https:\/\/inspireglobal.travel\/?s={search_term_string}"},"query-input":{"@type":"PropertyValueSpecification","valueRequired":true,"valueName":"search_term_string"}}],"inLanguage":"pt-BR"},{"@type":"Organization","@id":"https:\/\/inspireglobal.travel\/#organization","name":"Inspire Global","url":"https:\/\/inspireglobal.travel\/","logo":{"@type":"ImageObject","inLanguage":"pt-BR","@id":"https:\/\/inspireglobal.travel\/#\/schema\/logo\/image\/","url":"https:\/\/inspireglobal.travel\/wp-content\/uploads\/2019\/12\/inspire-global-logo-01.png","contentUrl":"https:\/\/inspireglobal.travel\/wp-content\/uploads\/2019\/12\/inspire-global-logo-01.png","width":1321,"height":566,"caption":"Inspire Global"},"image":{"@id":"https:\/\/inspireglobal.travel\/#\/schema\/logo\/image\/"},"sameAs":["https:\/\/www.facebook.com\/Inspire-Global-Travel-173870614311417\/","https:\/\/x.com\/Inspire__Global","https:\/\/www.instagram.com\/inspire_global_travel\/","https:\/\/www.linkedin.com\/company\/inspire-globaltravel\/"]}]}},"_links":{"self":[{"href":"https:\/\/inspireglobal.travel\/pt\/wp-json\/wp\/v2\/pages\/4933","targetHints":{"allow":["GET"]}}],"collection":[{"href":"https:\/\/inspireglobal.travel\/pt\/wp-json\/wp\/v2\/pages"}],"about":[{"href":"https:\/\/inspireglobal.travel\/pt\/wp-json\/wp\/v2\/types\/page"}],"author":[{"embeddable":true,"href":"https:\/\/inspireglobal.travel\/pt\/wp-json\/wp\/v2\/users\/3"}],"replies":[{"embeddable":true,"href":"https:\/\/inspireglobal.travel\/pt\/wp-json\/wp\/v2\/comments?post=4933"}],"version-history":[{"count":0,"href":"https:\/\/inspireglobal.travel\/pt\/wp-json\/wp\/v2\/pages\/4933\/revisions"}],"wp:attachment":[{"href":"https:\/\/inspireglobal.travel\/pt\/wp-json\/wp\/v2\/media?parent=4933"}],"curies":[{"name":"wp","href":"https:\/\/api.w.org\/{rel}","templated":true}]}}